{"id":318234,"date":"2025-03-06T12:16:40","date_gmt":"2025-03-06T11:16:40","guid":{"rendered":"https:\/\/pop-co.fr\/index.php\/product\/boite-a-bijoux-disney-mickey-mouse-2\/"},"modified":"2025-06-28T11:50:33","modified_gmt":"2025-06-28T09:50:33","slug":"boite-a-bijoux-disney-mickey-mouse-2","status":"publish","type":"product","link":"https:\/\/pop-co.fr\/index.php\/product\/boite-a-bijoux-disney-mickey-mouse-2\/","title":{"rendered":"BOITE A BIJOUX &#8211; DISNEY &#8211; Mickey Mouse"},"content":{"rendered":"<p>L&rsquo;une des pr\u00e9f\u00e9r\u00e9es de Disney de tous les temps, il s&rsquo;agit d&rsquo;une magnifique bo\u00eete \u00e0 bijoux Mickey Mouse aux finitions cristallines. Le bijou s&rsquo;ouvre en bas pour r\u00e9v\u00e9ler un emplacement de rangement sp\u00e9cial. <\/p>\n<p>La bo\u00eete \u00e0 bijoux est emball\u00e9e dans une bo\u00eete doubl\u00e9e de soie et rembourr\u00e9e de la marque Disney.<\/p>\n","protected":false},"excerpt":{"rendered":"<p>L&rsquo;une des pr\u00e9f\u00e9r\u00e9es de Disney de tous les temps, il s&rsquo;agit d&rsquo;une magnifique bo\u00eete \u00e0 bijoux Mickey Mouse aux finitions cristallines. Le bijou s&rsquo;ouvre en bas pour r\u00e9v\u00e9ler un emplacement de rangement sp\u00e9cial. La bo\u00eete \u00e0 bijoux est emball\u00e9e dans une bo\u00eete doubl\u00e9e de soie et rembourr\u00e9e de la marque Disney.<\/p>\n","protected":false},"featured_media":337088,"comment_status":"open","ping_status":"closed","template":"","meta":[],"product_cat":[29],"product_tag":[],"aioseo_notices":[],"jetpack_sharing_enabled":true,"_links":{"self":[{"href":"https:\/\/pop-co.fr\/index.php\/wp-json\/wp\/v2\/product\/318234"}],"collection":[{"href":"https:\/\/pop-co.fr\/index.php\/wp-json\/wp\/v2\/product"}],"about":[{"href":"https:\/\/pop-co.fr\/index.php\/wp-json\/wp\/v2\/types\/product"}],"replies":[{"embeddable":true,"href":"https:\/\/pop-co.fr\/index.php\/wp-json\/wp\/v2\/comments?post=318234"}],"version-history":[{"count":0,"href":"https:\/\/pop-co.fr\/index.php\/wp-json\/wp\/v2\/product\/318234\/revisions"}],"wp:featuredmedia":[{"embeddable":true,"href":"https:\/\/pop-co.fr\/index.php\/wp-json\/wp\/v2\/media\/337088"}],"wp:attachment":[{"href":"https:\/\/pop-co.fr\/index.php\/wp-json\/wp\/v2\/media?parent=318234"}],"wp:term":[{"taxonomy":"product_cat","embeddable":true,"href":"https:\/\/pop-co.fr\/index.php\/wp-json\/wp\/v2\/product_cat?post=318234"},{"taxonomy":"product_tag","embeddable":true,"href":"https:\/\/pop-co.fr\/index.php\/wp-json\/wp\/v2\/product_tag?post=318234"}],"curies":[{"name":"wp","href":"https:\/\/api.w.org\/{rel}","templated":true}]}}