{"id":318241,"date":"2025-03-06T12:31:23","date_gmt":"2025-03-06T11:31:23","guid":{"rendered":"https:\/\/pop-co.fr\/index.php\/product\/mug-disney-chaudron-vilains-2\/"},"modified":"2025-06-28T11:50:11","modified_gmt":"2025-06-28T09:50:11","slug":"mug-disney-chaudron-vilains-2","status":"publish","type":"product","link":"https:\/\/pop-co.fr\/index.php\/product\/mug-disney-chaudron-vilains-2\/","title":{"rendered":"MUG &#8211; DISNEY &#8211; Chaudron vilains"},"content":{"rendered":"<p>Un mug en forme de chaudron de la marque DISNEY\u00ae.<\/p>\n<p>Ce mug envo\u00fbtant est m\u00e9chamment d\u00e9cor\u00e9 et c\u00e9l\u00e8bre le c\u00f4t\u00e9 obscur de Disney.<\/p>\n<p>Le mug en c\u00e9ramique pr\u00e9sente un design de chaudron noir, avec un bord dor\u00e9 et une finition brillante. Il comporte une image imprim\u00e9e des m\u00e9chants de Disney sur une face et un \u00ab Trick or Treat ? \u00bb le titre de l&rsquo;autre.<\/p>\n<p>Le mug est emball\u00e9 dans une bo\u00eete de marque.<\/p>\n","protected":false},"excerpt":{"rendered":"<p>Un mug en forme de chaudron de la marque DISNEY\u00ae. Ce mug envo\u00fbtant est m\u00e9chamment d\u00e9cor\u00e9 et c\u00e9l\u00e8bre le c\u00f4t\u00e9 obscur de Disney. Le mug en c\u00e9ramique pr\u00e9sente un design de chaudron noir, avec un bord dor\u00e9 et une finition brillante. Il comporte une image imprim\u00e9e des m\u00e9chants de Disney sur une face et un [&hellip;]<\/p>\n","protected":false},"featured_media":327312,"comment_status":"open","ping_status":"closed","template":"","meta":[],"product_cat":[29],"product_tag":[],"aioseo_notices":[],"jetpack_sharing_enabled":true,"_links":{"self":[{"href":"https:\/\/pop-co.fr\/index.php\/wp-json\/wp\/v2\/product\/318241"}],"collection":[{"href":"https:\/\/pop-co.fr\/index.php\/wp-json\/wp\/v2\/product"}],"about":[{"href":"https:\/\/pop-co.fr\/index.php\/wp-json\/wp\/v2\/types\/product"}],"replies":[{"embeddable":true,"href":"https:\/\/pop-co.fr\/index.php\/wp-json\/wp\/v2\/comments?post=318241"}],"version-history":[{"count":0,"href":"https:\/\/pop-co.fr\/index.php\/wp-json\/wp\/v2\/product\/318241\/revisions"}],"wp:featuredmedia":[{"embeddable":true,"href":"https:\/\/pop-co.fr\/index.php\/wp-json\/wp\/v2\/media\/327312"}],"wp:attachment":[{"href":"https:\/\/pop-co.fr\/index.php\/wp-json\/wp\/v2\/media?parent=318241"}],"wp:term":[{"taxonomy":"product_cat","embeddable":true,"href":"https:\/\/pop-co.fr\/index.php\/wp-json\/wp\/v2\/product_cat?post=318241"},{"taxonomy":"product_tag","embeddable":true,"href":"https:\/\/pop-co.fr\/index.php\/wp-json\/wp\/v2\/product_tag?post=318241"}],"curies":[{"name":"wp","href":"https:\/\/api.w.org\/{rel}","templated":true}]}}