{"id":318337,"date":"2025-03-06T15:45:49","date_gmt":"2025-03-06T14:45:49","guid":{"rendered":"https:\/\/pop-co.fr\/index.php\/product\/verre-3d-les-gardiens-de-la-galaxie-groot\/"},"modified":"2025-06-28T11:48:14","modified_gmt":"2025-06-28T09:48:14","slug":"verre-3d-les-gardiens-de-la-galaxie-groot","status":"publish","type":"product","link":"https:\/\/pop-co.fr\/index.php\/product\/verre-3d-les-gardiens-de-la-galaxie-groot\/","title":{"rendered":"VERRE 3D &#8211; les gardiens de la galaxie &#8211; Groot"},"content":{"rendered":"<p>Verre borosilicat\u00e9 r\u00e9sistant \u00e0 la chaleur Verre isolant \u00e0 double paroi qui vous permet de boire des boissons chaudes confortablement dans vos mains.Lavage \u00e0 la main uniquement<\/p>\n","protected":false},"excerpt":{"rendered":"<p>Verre borosilicat\u00e9 r\u00e9sistant \u00e0 la chaleur Verre isolant \u00e0 double paroi qui vous permet de boire des boissons chaudes confortablement dans vos mains.Lavage \u00e0 la main uniquement<\/p>\n","protected":false},"featured_media":343973,"comment_status":"open","ping_status":"closed","template":"","meta":[],"product_cat":[29,63],"product_tag":[],"aioseo_notices":[],"jetpack_sharing_enabled":true,"_links":{"self":[{"href":"https:\/\/pop-co.fr\/index.php\/wp-json\/wp\/v2\/product\/318337"}],"collection":[{"href":"https:\/\/pop-co.fr\/index.php\/wp-json\/wp\/v2\/product"}],"about":[{"href":"https:\/\/pop-co.fr\/index.php\/wp-json\/wp\/v2\/types\/product"}],"replies":[{"embeddable":true,"href":"https:\/\/pop-co.fr\/index.php\/wp-json\/wp\/v2\/comments?post=318337"}],"version-history":[{"count":0,"href":"https:\/\/pop-co.fr\/index.php\/wp-json\/wp\/v2\/product\/318337\/revisions"}],"wp:featuredmedia":[{"embeddable":true,"href":"https:\/\/pop-co.fr\/index.php\/wp-json\/wp\/v2\/media\/343973"}],"wp:attachment":[{"href":"https:\/\/pop-co.fr\/index.php\/wp-json\/wp\/v2\/media?parent=318337"}],"wp:term":[{"taxonomy":"product_cat","embeddable":true,"href":"https:\/\/pop-co.fr\/index.php\/wp-json\/wp\/v2\/product_cat?post=318337"},{"taxonomy":"product_tag","embeddable":true,"href":"https:\/\/pop-co.fr\/index.php\/wp-json\/wp\/v2\/product_tag?post=318337"}],"curies":[{"name":"wp","href":"https:\/\/api.w.org\/{rel}","templated":true}]}}