{"id":318426,"date":"2025-03-06T15:47:07","date_gmt":"2025-03-06T14:47:07","guid":{"rendered":"https:\/\/pop-co.fr\/index.php\/product\/tirelire-mario-bloc-point-dinterrogation-2\/"},"modified":"2025-06-28T11:48:19","modified_gmt":"2025-06-28T09:48:19","slug":"tirelire-mario-bloc-point-dinterrogation-2","status":"publish","type":"product","link":"https:\/\/pop-co.fr\/index.php\/product\/tirelire-mario-bloc-point-dinterrogation-2\/","title":{"rendered":"TIRELIRE &#8211; MARIO &#8211; Bloc Point d&rsquo;Interrogation"},"content":{"rendered":"<p>\u00c9conomisez vos pi\u00e8ces d&rsquo;or avec style gr\u00e2ce \u00e0 notre tirelire<\/p>\n","protected":false},"excerpt":{"rendered":"<p>\u00c9conomisez vos pi\u00e8ces d&rsquo;or avec style gr\u00e2ce \u00e0 notre tirelire<\/p>\n","protected":false},"featured_media":0,"comment_status":"open","ping_status":"closed","template":"","meta":[],"product_cat":[34,35],"product_tag":[],"aioseo_notices":[],"jetpack_sharing_enabled":true,"_links":{"self":[{"href":"https:\/\/pop-co.fr\/index.php\/wp-json\/wp\/v2\/product\/318426"}],"collection":[{"href":"https:\/\/pop-co.fr\/index.php\/wp-json\/wp\/v2\/product"}],"about":[{"href":"https:\/\/pop-co.fr\/index.php\/wp-json\/wp\/v2\/types\/product"}],"replies":[{"embeddable":true,"href":"https:\/\/pop-co.fr\/index.php\/wp-json\/wp\/v2\/comments?post=318426"}],"version-history":[{"count":0,"href":"https:\/\/pop-co.fr\/index.php\/wp-json\/wp\/v2\/product\/318426\/revisions"}],"wp:attachment":[{"href":"https:\/\/pop-co.fr\/index.php\/wp-json\/wp\/v2\/media?parent=318426"}],"wp:term":[{"taxonomy":"product_cat","embeddable":true,"href":"https:\/\/pop-co.fr\/index.php\/wp-json\/wp\/v2\/product_cat?post=318426"},{"taxonomy":"product_tag","embeddable":true,"href":"https:\/\/pop-co.fr\/index.php\/wp-json\/wp\/v2\/product_tag?post=318426"}],"curies":[{"name":"wp","href":"https:\/\/api.w.org\/{rel}","templated":true}]}}