{"id":318631,"date":"2025-03-06T15:49:20","date_gmt":"2025-03-06T14:49:20","guid":{"rendered":"https:\/\/pop-co.fr\/index.php\/product\/hello-kitty-cinnamoroll-shopping-bag-2\/"},"modified":"2025-04-25T15:35:50","modified_gmt":"2025-04-25T13:35:50","slug":"hello-kitty-cinnamoroll-shopping-bag-2","status":"publish","type":"product","link":"https:\/\/pop-co.fr\/index.php\/product\/hello-kitty-cinnamoroll-shopping-bag-2\/","title":{"rendered":"HELLO KITTY &#8211; Cinnamoroll &#8211; Shopping Bag"},"content":{"rendered":"<p>Ajoutez une touche d&rsquo;\u00e9clat \u00e0 votre journ\u00e9e avec le sac r\u00e9utilisable Cinnamoroll (mignon et scintillant). Ce sac adorable pr\u00e9sente Cinnamoroll dans un design charmant et paillet\u00e9. Avec sa taille spacieuse, il est parfait pour transporter des courses, des livres ou des essentiels quotidiens. R\u00e9utilisable, l\u00e9ger et \u00e9l\u00e9gant, c&rsquo;est un incontournable pour les fans de Cinnamoroll !<\/p>\n","protected":false},"excerpt":{"rendered":"<p>Ajoutez une touche d&rsquo;\u00e9clat \u00e0 votre journ\u00e9e avec le sac r\u00e9utilisable Cinnamoroll (mignon et scintillant). Ce sac adorable pr\u00e9sente Cinnamoroll dans un design charmant et paillet\u00e9. Avec sa taille spacieuse, il est parfait pour transporter des courses, des livres ou des essentiels quotidiens. R\u00e9utilisable, l\u00e9ger et \u00e9l\u00e9gant, c&rsquo;est un incontournable pour les fans de Cinnamoroll [&hellip;]<\/p>\n","protected":false},"featured_media":340933,"comment_status":"open","ping_status":"closed","template":"","meta":[],"product_cat":[17,80,47,70],"product_tag":[],"aioseo_notices":[],"jetpack_sharing_enabled":true,"_links":{"self":[{"href":"https:\/\/pop-co.fr\/index.php\/wp-json\/wp\/v2\/product\/318631"}],"collection":[{"href":"https:\/\/pop-co.fr\/index.php\/wp-json\/wp\/v2\/product"}],"about":[{"href":"https:\/\/pop-co.fr\/index.php\/wp-json\/wp\/v2\/types\/product"}],"replies":[{"embeddable":true,"href":"https:\/\/pop-co.fr\/index.php\/wp-json\/wp\/v2\/comments?post=318631"}],"version-history":[{"count":0,"href":"https:\/\/pop-co.fr\/index.php\/wp-json\/wp\/v2\/product\/318631\/revisions"}],"wp:featuredmedia":[{"embeddable":true,"href":"https:\/\/pop-co.fr\/index.php\/wp-json\/wp\/v2\/media\/340933"}],"wp:attachment":[{"href":"https:\/\/pop-co.fr\/index.php\/wp-json\/wp\/v2\/media?parent=318631"}],"wp:term":[{"taxonomy":"product_cat","embeddable":true,"href":"https:\/\/pop-co.fr\/index.php\/wp-json\/wp\/v2\/product_cat?post=318631"},{"taxonomy":"product_tag","embeddable":true,"href":"https:\/\/pop-co.fr\/index.php\/wp-json\/wp\/v2\/product_tag?post=318631"}],"curies":[{"name":"wp","href":"https:\/\/api.w.org\/{rel}","templated":true}]}}