{"id":3188,"date":"2024-02-20T18:23:08","date_gmt":"2024-02-20T17:23:08","guid":{"rendered":"https:\/\/pop-co.fr\/index.php\/product\/tasses-expresso-mha-personnages\/"},"modified":"2025-06-28T13:29:05","modified_gmt":"2025-06-28T11:29:05","slug":"tasses-expresso-mha-personnages","status":"publish","type":"product","link":"https:\/\/pop-co.fr\/index.php\/product\/tasses-expresso-mha-personnages\/","title":{"rendered":"TASSES EXPRESSO &#8211; MHA &#8211; Personnages"},"content":{"rendered":"<p>Retrouvez Deku (Izuku Midoriya), Katsuki Bakugo, Tenya Lida et Ochaco Uraraka en style chibi sur ces superbes mugs \u00e0 espresso My Hero Academia par ABYstyle. Vendus en coffret de 4 pi\u00e8ces, ces mugs \u00e0 espresso sont parfaitement adapt\u00e9s \u00e0 vos envies de caf\u00e9 \u00e0 tout heure de la journ\u00e9e. <\/p>\n<p>&#8211; Contenance : 110 ml.<br \/>\n&#8211; Mati\u00e8re : c\u00e9ramique.<\/p>\n","protected":false},"excerpt":{"rendered":"<p>Retrouvez Deku (Izuku Midoriya), Katsuki Bakugo, Tenya Lida et Ochaco Uraraka en style chibi sur ces superbes mugs \u00e0 espresso My Hero Academia par ABYstyle. Vendus en coffret de 4 pi\u00e8ces, ces mugs \u00e0 espresso sont parfaitement adapt\u00e9s \u00e0 vos envies de caf\u00e9 \u00e0 tout heure de la journ\u00e9e. &#8211; Contenance : 110 ml. &#8211; [&hellip;]<\/p>\n","protected":false},"featured_media":180202,"comment_status":"open","ping_status":"closed","template":"","meta":[],"product_cat":[17,26],"product_tag":[],"aioseo_notices":[],"jetpack_sharing_enabled":true,"_links":{"self":[{"href":"https:\/\/pop-co.fr\/index.php\/wp-json\/wp\/v2\/product\/3188"}],"collection":[{"href":"https:\/\/pop-co.fr\/index.php\/wp-json\/wp\/v2\/product"}],"about":[{"href":"https:\/\/pop-co.fr\/index.php\/wp-json\/wp\/v2\/types\/product"}],"replies":[{"embeddable":true,"href":"https:\/\/pop-co.fr\/index.php\/wp-json\/wp\/v2\/comments?post=3188"}],"version-history":[{"count":0,"href":"https:\/\/pop-co.fr\/index.php\/wp-json\/wp\/v2\/product\/3188\/revisions"}],"wp:featuredmedia":[{"embeddable":true,"href":"https:\/\/pop-co.fr\/index.php\/wp-json\/wp\/v2\/media\/180202"}],"wp:attachment":[{"href":"https:\/\/pop-co.fr\/index.php\/wp-json\/wp\/v2\/media?parent=3188"}],"wp:term":[{"taxonomy":"product_cat","embeddable":true,"href":"https:\/\/pop-co.fr\/index.php\/wp-json\/wp\/v2\/product_cat?post=3188"},{"taxonomy":"product_tag","embeddable":true,"href":"https:\/\/pop-co.fr\/index.php\/wp-json\/wp\/v2\/product_tag?post=3188"}],"curies":[{"name":"wp","href":"https:\/\/api.w.org\/{rel}","templated":true}]}}