{"id":321176,"date":"2025-03-06T17:45:52","date_gmt":"2025-03-06T16:45:52","guid":{"rendered":"https:\/\/pop-co.fr\/index.php\/product\/porte-cles-pac-man\/"},"modified":"2025-06-28T11:48:55","modified_gmt":"2025-06-28T09:48:55","slug":"porte-cles-pac-man","status":"publish","type":"product","link":"https:\/\/pop-co.fr\/index.php\/product\/porte-cles-pac-man\/","title":{"rendered":"Porte-cl\u00e9s &#8211; Pac Man"},"content":{"rendered":"<p>Nous vous pr\u00e9sentons le porte-cl\u00e9s en polyr\u00e9sine Pac-Man<\/p>\n","protected":false},"excerpt":{"rendered":"<p>Nous vous pr\u00e9sentons le porte-cl\u00e9s en polyr\u00e9sine Pac-Man<\/p>\n","protected":false},"featured_media":347347,"comment_status":"open","ping_status":"closed","template":"","meta":[],"product_cat":[34],"product_tag":[],"aioseo_notices":[],"jetpack_sharing_enabled":true,"_links":{"self":[{"href":"https:\/\/pop-co.fr\/index.php\/wp-json\/wp\/v2\/product\/321176"}],"collection":[{"href":"https:\/\/pop-co.fr\/index.php\/wp-json\/wp\/v2\/product"}],"about":[{"href":"https:\/\/pop-co.fr\/index.php\/wp-json\/wp\/v2\/types\/product"}],"replies":[{"embeddable":true,"href":"https:\/\/pop-co.fr\/index.php\/wp-json\/wp\/v2\/comments?post=321176"}],"version-history":[{"count":0,"href":"https:\/\/pop-co.fr\/index.php\/wp-json\/wp\/v2\/product\/321176\/revisions"}],"wp:featuredmedia":[{"embeddable":true,"href":"https:\/\/pop-co.fr\/index.php\/wp-json\/wp\/v2\/media\/347347"}],"wp:attachment":[{"href":"https:\/\/pop-co.fr\/index.php\/wp-json\/wp\/v2\/media?parent=321176"}],"wp:term":[{"taxonomy":"product_cat","embeddable":true,"href":"https:\/\/pop-co.fr\/index.php\/wp-json\/wp\/v2\/product_cat?post=321176"},{"taxonomy":"product_tag","embeddable":true,"href":"https:\/\/pop-co.fr\/index.php\/wp-json\/wp\/v2\/product_tag?post=321176"}],"curies":[{"name":"wp","href":"https:\/\/api.w.org\/{rel}","templated":true}]}}