{"id":32295,"date":"2024-02-21T14:08:33","date_gmt":"2024-02-21T13:08:33","guid":{"rendered":"https:\/\/pop-co.fr\/index.php\/product\/mug-zelda-hyrule-skies-tears-of-the-kingdom\/"},"modified":"2025-07-09T15:50:17","modified_gmt":"2025-07-09T13:50:17","slug":"mug-zelda-hyrule-skies-tears-of-the-kingdom","status":"publish","type":"product","link":"https:\/\/pop-co.fr\/index.php\/product\/mug-zelda-hyrule-skies-tears-of-the-kingdom\/","title":{"rendered":"MUG &#8211; ZELDA &#8211; Hyrule Skies (Tears of the kingdom)"},"content":{"rendered":"<p>Mug (grande tasse) en c\u00e9ramique au d\u00e9cor imprim\u00e9 haute qualit\u00e9. Mod\u00e8le sous licence officielle.<\/p>\n","protected":false},"excerpt":{"rendered":"<p>Mug (grande tasse) en c\u00e9ramique au d\u00e9cor imprim\u00e9 haute qualit\u00e9. Mod\u00e8le sous licence officielle.<\/p>\n","protected":false},"featured_media":354143,"comment_status":"open","ping_status":"closed","template":"","meta":[],"product_cat":[34,36],"product_tag":[],"aioseo_notices":[],"jetpack_sharing_enabled":true,"_links":{"self":[{"href":"https:\/\/pop-co.fr\/index.php\/wp-json\/wp\/v2\/product\/32295"}],"collection":[{"href":"https:\/\/pop-co.fr\/index.php\/wp-json\/wp\/v2\/product"}],"about":[{"href":"https:\/\/pop-co.fr\/index.php\/wp-json\/wp\/v2\/types\/product"}],"replies":[{"embeddable":true,"href":"https:\/\/pop-co.fr\/index.php\/wp-json\/wp\/v2\/comments?post=32295"}],"version-history":[{"count":0,"href":"https:\/\/pop-co.fr\/index.php\/wp-json\/wp\/v2\/product\/32295\/revisions"}],"wp:featuredmedia":[{"embeddable":true,"href":"https:\/\/pop-co.fr\/index.php\/wp-json\/wp\/v2\/media\/354143"}],"wp:attachment":[{"href":"https:\/\/pop-co.fr\/index.php\/wp-json\/wp\/v2\/media?parent=32295"}],"wp:term":[{"taxonomy":"product_cat","embeddable":true,"href":"https:\/\/pop-co.fr\/index.php\/wp-json\/wp\/v2\/product_cat?post=32295"},{"taxonomy":"product_tag","embeddable":true,"href":"https:\/\/pop-co.fr\/index.php\/wp-json\/wp\/v2\/product_tag?post=32295"}],"curies":[{"name":"wp","href":"https:\/\/api.w.org\/{rel}","templated":true}]}}