{"id":323751,"date":"2025-03-06T19:09:04","date_gmt":"2025-03-06T18:09:04","guid":{"rendered":"https:\/\/pop-co.fr\/index.php\/product\/porte-cles-friends-poulet-2\/"},"modified":"2025-06-28T11:49:36","modified_gmt":"2025-06-28T09:49:36","slug":"porte-cles-friends-poulet-2","status":"publish","type":"product","link":"https:\/\/pop-co.fr\/index.php\/product\/porte-cles-friends-poulet-2\/","title":{"rendered":"PORTE CLES &#8211; FRIENDS &#8211; Poulet"},"content":{"rendered":"<p>D\u00e9couvrez un d\u00e9licieux m\u00e9lange de fun et de fonctionnalit\u00e9 avec le porte-cl\u00e9s en PVC Friends (Chicken) de Pyramid International. Cet accessoire unisexe est un charmant clin d&rsquo;\u0153il \u00e0 la s\u00e9rie t\u00e9l\u00e9vis\u00e9e embl\u00e9matique, ce qui en fait un choix id\u00e9al pour les fans. Pyramid International, connue pour sa gamme in\u00e9gal\u00e9e de produits promotionnels, vous propose cet article unique, refl\u00e9tant son engagement \u00e0 identifier et \u00e0 fabriquer des produits sous licence passionnants. Emportez un morceau de votre \u00e9mission pr\u00e9f\u00e9r\u00e9e o\u00f9 que vous alliez gr\u00e2ce \u00e0 ce porte-cl\u00e9s amusant.<\/p>\n","protected":false},"excerpt":{"rendered":"<p>D\u00e9couvrez un d\u00e9licieux m\u00e9lange de fun et de fonctionnalit\u00e9 avec le porte-cl\u00e9s en PVC Friends (Chicken) de Pyramid International. Cet accessoire unisexe est un charmant clin d&rsquo;\u0153il \u00e0 la s\u00e9rie t\u00e9l\u00e9vis\u00e9e embl\u00e9matique, ce qui en fait un choix id\u00e9al pour les fans. Pyramid International, connue pour sa gamme in\u00e9gal\u00e9e de produits promotionnels, vous propose cet [&hellip;]<\/p>\n","protected":false},"featured_media":347401,"comment_status":"open","ping_status":"closed","template":"","meta":[],"product_cat":[39],"product_tag":[],"aioseo_notices":[],"jetpack_sharing_enabled":true,"_links":{"self":[{"href":"https:\/\/pop-co.fr\/index.php\/wp-json\/wp\/v2\/product\/323751"}],"collection":[{"href":"https:\/\/pop-co.fr\/index.php\/wp-json\/wp\/v2\/product"}],"about":[{"href":"https:\/\/pop-co.fr\/index.php\/wp-json\/wp\/v2\/types\/product"}],"replies":[{"embeddable":true,"href":"https:\/\/pop-co.fr\/index.php\/wp-json\/wp\/v2\/comments?post=323751"}],"version-history":[{"count":0,"href":"https:\/\/pop-co.fr\/index.php\/wp-json\/wp\/v2\/product\/323751\/revisions"}],"wp:featuredmedia":[{"embeddable":true,"href":"https:\/\/pop-co.fr\/index.php\/wp-json\/wp\/v2\/media\/347401"}],"wp:attachment":[{"href":"https:\/\/pop-co.fr\/index.php\/wp-json\/wp\/v2\/media?parent=323751"}],"wp:term":[{"taxonomy":"product_cat","embeddable":true,"href":"https:\/\/pop-co.fr\/index.php\/wp-json\/wp\/v2\/product_cat?post=323751"},{"taxonomy":"product_tag","embeddable":true,"href":"https:\/\/pop-co.fr\/index.php\/wp-json\/wp\/v2\/product_tag?post=323751"}],"curies":[{"name":"wp","href":"https:\/\/api.w.org\/{rel}","templated":true}]}}