{"id":323757,"date":"2025-03-06T19:11:17","date_gmt":"2025-03-06T18:11:17","guid":{"rendered":"https:\/\/pop-co.fr\/index.php\/product\/marque-parge-magnetique-le-seigneur-des-anneaux-gandalf-2\/"},"modified":"2025-07-11T15:59:19","modified_gmt":"2025-07-11T13:59:19","slug":"marque-parge-magnetique-le-seigneur-des-anneaux-gandalf-2","status":"publish","type":"product","link":"https:\/\/pop-co.fr\/index.php\/product\/marque-parge-magnetique-le-seigneur-des-anneaux-gandalf-2\/","title":{"rendered":"MARQUE PARGE MAGNETIQUE &#8211; LE SEIGNEUR DES ANNEAUX &#8211; Gandalf"},"content":{"rendered":"<p>Marque-page magn\u00e9tique : marquez votre page en toute s\u00e9curit\u00e9 gr\u00e2ce \u00e0 un design \u00e9l\u00e9gant et durable. Finies les endroits perdus ou les pages aux oreilles de chien.<\/p>\n","protected":false},"excerpt":{"rendered":"<p>Marque-page magn\u00e9tique : marquez votre page en toute s\u00e9curit\u00e9 gr\u00e2ce \u00e0 un design \u00e9l\u00e9gant et durable. Finies les endroits perdus ou les pages aux oreilles de chien.<\/p>\n","protected":false},"featured_media":354321,"comment_status":"open","ping_status":"closed","template":"","meta":[],"product_cat":[39],"product_tag":[],"aioseo_notices":[],"jetpack_sharing_enabled":true,"_links":{"self":[{"href":"https:\/\/pop-co.fr\/index.php\/wp-json\/wp\/v2\/product\/323757"}],"collection":[{"href":"https:\/\/pop-co.fr\/index.php\/wp-json\/wp\/v2\/product"}],"about":[{"href":"https:\/\/pop-co.fr\/index.php\/wp-json\/wp\/v2\/types\/product"}],"replies":[{"embeddable":true,"href":"https:\/\/pop-co.fr\/index.php\/wp-json\/wp\/v2\/comments?post=323757"}],"version-history":[{"count":0,"href":"https:\/\/pop-co.fr\/index.php\/wp-json\/wp\/v2\/product\/323757\/revisions"}],"wp:featuredmedia":[{"embeddable":true,"href":"https:\/\/pop-co.fr\/index.php\/wp-json\/wp\/v2\/media\/354321"}],"wp:attachment":[{"href":"https:\/\/pop-co.fr\/index.php\/wp-json\/wp\/v2\/media?parent=323757"}],"wp:term":[{"taxonomy":"product_cat","embeddable":true,"href":"https:\/\/pop-co.fr\/index.php\/wp-json\/wp\/v2\/product_cat?post=323757"},{"taxonomy":"product_tag","embeddable":true,"href":"https:\/\/pop-co.fr\/index.php\/wp-json\/wp\/v2\/product_tag?post=323757"}],"curies":[{"name":"wp","href":"https:\/\/api.w.org\/{rel}","templated":true}]}}