{"id":3261,"date":"2024-02-20T18:24:37","date_gmt":"2024-02-20T17:24:37","guid":{"rendered":"https:\/\/pop-co.fr\/index.php\/product\/boule-de-noel-pixar-woody\/"},"modified":"2025-06-28T13:29:52","modified_gmt":"2025-06-28T11:29:52","slug":"boule-de-noel-pixar-woody","status":"publish","type":"product","link":"https:\/\/pop-co.fr\/index.php\/product\/boule-de-noel-pixar-woody\/","title":{"rendered":"BOULE DE NOEL &#8211; PIXAR &#8211; Woody"},"content":{"rendered":"<p>Une boule en verre Woody de Disney 100 par DISNEY\u00ae. Cette d\u00e9coration d&rsquo;arbre en \u00e9dition limit\u00e9e capture la v\u00e9ritable magie de Disney \u00e0 l&rsquo;occasion de son centenaire et peut \u00eatre appr\u00e9ci\u00e9e par les fans de tous \u00e2ges \u00e0 No\u00ebl. La boule en verre transparent pr\u00e9sente une image imprim\u00e9e de Woody de Toy Story, avec une image de silhouette invers\u00e9e et remplie de paillettes \u00e9toiles argent\u00e9es. Il est termin\u00e9 par une d\u00e9coration argent\u00e9e sur laquelle est fix\u00e9 le cintre \u00ab Disney 100 \u00bb en velours orange bronz\u00e9 ainsi qu&rsquo;une breloque en m\u00e9tal argent\u00e9 assortie. La boule est emball\u00e9e dans une bo\u00eete ouverte<\/p>\n","protected":false},"excerpt":{"rendered":"<p>Une boule en verre Woody de Disney 100 par DISNEY\u00ae. Cette d\u00e9coration d&rsquo;arbre en \u00e9dition limit\u00e9e capture la v\u00e9ritable magie de Disney \u00e0 l&rsquo;occasion de son centenaire et peut \u00eatre appr\u00e9ci\u00e9e par les fans de tous \u00e2ges \u00e0 No\u00ebl. La boule en verre transparent pr\u00e9sente une image imprim\u00e9e de Woody de Toy Story, avec une [&hellip;]<\/p>\n","protected":false},"featured_media":149803,"comment_status":"open","ping_status":"closed","template":"","meta":[],"product_cat":[29],"product_tag":[],"aioseo_notices":[],"jetpack_sharing_enabled":true,"_links":{"self":[{"href":"https:\/\/pop-co.fr\/index.php\/wp-json\/wp\/v2\/product\/3261"}],"collection":[{"href":"https:\/\/pop-co.fr\/index.php\/wp-json\/wp\/v2\/product"}],"about":[{"href":"https:\/\/pop-co.fr\/index.php\/wp-json\/wp\/v2\/types\/product"}],"replies":[{"embeddable":true,"href":"https:\/\/pop-co.fr\/index.php\/wp-json\/wp\/v2\/comments?post=3261"}],"version-history":[{"count":0,"href":"https:\/\/pop-co.fr\/index.php\/wp-json\/wp\/v2\/product\/3261\/revisions"}],"wp:featuredmedia":[{"embeddable":true,"href":"https:\/\/pop-co.fr\/index.php\/wp-json\/wp\/v2\/media\/149803"}],"wp:attachment":[{"href":"https:\/\/pop-co.fr\/index.php\/wp-json\/wp\/v2\/media?parent=3261"}],"wp:term":[{"taxonomy":"product_cat","embeddable":true,"href":"https:\/\/pop-co.fr\/index.php\/wp-json\/wp\/v2\/product_cat?post=3261"},{"taxonomy":"product_tag","embeddable":true,"href":"https:\/\/pop-co.fr\/index.php\/wp-json\/wp\/v2\/product_tag?post=3261"}],"curies":[{"name":"wp","href":"https:\/\/api.w.org\/{rel}","templated":true}]}}