{"id":3264,"date":"2024-02-20T18:24:40","date_gmt":"2024-02-20T17:24:40","guid":{"rendered":"https:\/\/pop-co.fr\/index.php\/product\/boule-de-noel-disney-stitch-ceramique\/"},"modified":"2025-06-28T13:29:54","modified_gmt":"2025-06-28T11:29:54","slug":"boule-de-noel-disney-stitch-ceramique","status":"publish","type":"product","link":"https:\/\/pop-co.fr\/index.php\/product\/boule-de-noel-disney-stitch-ceramique\/","title":{"rendered":"BOULE DE NOEL &#8211; DISNEY &#8211; Stitch c\u00e9ramique"},"content":{"rendered":"<p>Une boule Stitch de Disney 100 par DISNEY\u00ae. Cette d\u00e9coration d&rsquo;arbre en \u00e9dition limit\u00e9e capture la v\u00e9ritable magie de Disney \u00e0 l&rsquo;occasion de son centenaire et peut \u00eatre appr\u00e9ci\u00e9e par les fans de tous \u00e2ges \u00e0 No\u00ebl. La boule en c\u00e9ramique blanche pr\u00e9sente des illustrations imprim\u00e9es au crayon de Lilo &#038; Stitch, avec une finition brillante et le titre \u00ab Ohana Means Family \u00bb. Il est termin\u00e9 par une d\u00e9coration argent\u00e9e sur laquelle est fix\u00e9 le ruban blanc \u00ab Disney 100 \u00bb ainsi qu&rsquo;une breloque en m\u00e9tal argent\u00e9 assortie. La boule est emball\u00e9e dans une bo\u00eete blanche.<\/p>\n","protected":false},"excerpt":{"rendered":"<p>Une boule Stitch de Disney 100 par DISNEY\u00ae. Cette d\u00e9coration d&rsquo;arbre en \u00e9dition limit\u00e9e capture la v\u00e9ritable magie de Disney \u00e0 l&rsquo;occasion de son centenaire et peut \u00eatre appr\u00e9ci\u00e9e par les fans de tous \u00e2ges \u00e0 No\u00ebl. La boule en c\u00e9ramique blanche pr\u00e9sente des illustrations imprim\u00e9es au crayon de Lilo &#038; Stitch, avec une finition [&hellip;]<\/p>\n","protected":false},"featured_media":149807,"comment_status":"open","ping_status":"closed","template":"","meta":[],"product_cat":[30],"product_tag":[],"aioseo_notices":[],"jetpack_sharing_enabled":true,"_links":{"self":[{"href":"https:\/\/pop-co.fr\/index.php\/wp-json\/wp\/v2\/product\/3264"}],"collection":[{"href":"https:\/\/pop-co.fr\/index.php\/wp-json\/wp\/v2\/product"}],"about":[{"href":"https:\/\/pop-co.fr\/index.php\/wp-json\/wp\/v2\/types\/product"}],"replies":[{"embeddable":true,"href":"https:\/\/pop-co.fr\/index.php\/wp-json\/wp\/v2\/comments?post=3264"}],"version-history":[{"count":0,"href":"https:\/\/pop-co.fr\/index.php\/wp-json\/wp\/v2\/product\/3264\/revisions"}],"wp:featuredmedia":[{"embeddable":true,"href":"https:\/\/pop-co.fr\/index.php\/wp-json\/wp\/v2\/media\/149807"}],"wp:attachment":[{"href":"https:\/\/pop-co.fr\/index.php\/wp-json\/wp\/v2\/media?parent=3264"}],"wp:term":[{"taxonomy":"product_cat","embeddable":true,"href":"https:\/\/pop-co.fr\/index.php\/wp-json\/wp\/v2\/product_cat?post=3264"},{"taxonomy":"product_tag","embeddable":true,"href":"https:\/\/pop-co.fr\/index.php\/wp-json\/wp\/v2\/product_tag?post=3264"}],"curies":[{"name":"wp","href":"https:\/\/api.w.org\/{rel}","templated":true}]}}