{"id":327297,"date":"2025-03-11T12:43:48","date_gmt":"2025-03-11T11:43:48","guid":{"rendered":"https:\/\/pop-co.fr\/index.php\/product\/pez-hello-kitty-personnage-2-recharges\/"},"modified":"2025-09-08T12:29:59","modified_gmt":"2025-09-08T10:29:59","slug":"pez-hello-kitty-personnage-2-recharges","status":"publish","type":"product","link":"https:\/\/pop-co.fr\/index.php\/product\/pez-hello-kitty-personnage-2-recharges\/","title":{"rendered":"PEZ &#8211; HELLO KITTY &#8211; Personnage + 2 recharges"},"content":{"rendered":"<p>Bonjour Kitty ! Vous adorerez les chats en d\u00e9gustant ces d\u00e9licieux bonbons PEZ. Avec une vari\u00e9t\u00e9 de versions diff\u00e9rentes de la t\u00eate et du corps entier, les fans de PEZ et Hello Kitty voudront toutes les collectionner.<\/p>\n<p>Sans gluten<\/p>\n","protected":false},"excerpt":{"rendered":"<p>Bonjour Kitty ! Vous adorerez les chats en d\u00e9gustant ces d\u00e9licieux bonbons PEZ. Avec une vari\u00e9t\u00e9 de versions diff\u00e9rentes de la t\u00eate et du corps entier, les fans de PEZ et Hello Kitty voudront toutes les collectionner. Sans gluten<\/p>\n","protected":false},"featured_media":358280,"comment_status":"open","ping_status":"closed","template":"","meta":[],"product_cat":[17,80],"product_tag":[],"aioseo_notices":[],"jetpack_sharing_enabled":true,"_links":{"self":[{"href":"https:\/\/pop-co.fr\/index.php\/wp-json\/wp\/v2\/product\/327297"}],"collection":[{"href":"https:\/\/pop-co.fr\/index.php\/wp-json\/wp\/v2\/product"}],"about":[{"href":"https:\/\/pop-co.fr\/index.php\/wp-json\/wp\/v2\/types\/product"}],"replies":[{"embeddable":true,"href":"https:\/\/pop-co.fr\/index.php\/wp-json\/wp\/v2\/comments?post=327297"}],"version-history":[{"count":0,"href":"https:\/\/pop-co.fr\/index.php\/wp-json\/wp\/v2\/product\/327297\/revisions"}],"wp:featuredmedia":[{"embeddable":true,"href":"https:\/\/pop-co.fr\/index.php\/wp-json\/wp\/v2\/media\/358280"}],"wp:attachment":[{"href":"https:\/\/pop-co.fr\/index.php\/wp-json\/wp\/v2\/media?parent=327297"}],"wp:term":[{"taxonomy":"product_cat","embeddable":true,"href":"https:\/\/pop-co.fr\/index.php\/wp-json\/wp\/v2\/product_cat?post=327297"},{"taxonomy":"product_tag","embeddable":true,"href":"https:\/\/pop-co.fr\/index.php\/wp-json\/wp\/v2\/product_tag?post=327297"}],"curies":[{"name":"wp","href":"https:\/\/api.w.org\/{rel}","templated":true}]}}