{"id":3276,"date":"2024-02-20T18:24:57","date_gmt":"2024-02-20T17:24:57","guid":{"rendered":"https:\/\/pop-co.fr\/index.php\/product\/boule-de-noel-disney-winnie-lourson\/"},"modified":"2025-06-28T13:30:00","modified_gmt":"2025-06-28T11:30:00","slug":"boule-de-noel-disney-winnie-lourson","status":"publish","type":"product","link":"https:\/\/pop-co.fr\/index.php\/product\/boule-de-noel-disney-winnie-lourson\/","title":{"rendered":"BOULE DE NOEL &#8211; DISNEY &#8211; Winnie l&rsquo;ourson"},"content":{"rendered":"<p>Une boule en verre Winnie l&rsquo;ourson de Disney 100 par DISNEY\u00ae. Cette d\u00e9coration d&rsquo;arbre en \u00e9dition limit\u00e9e capture la v\u00e9ritable magie de Disney \u00e0 l&rsquo;occasion de son centenaire et peut \u00eatre appr\u00e9ci\u00e9e par les fans de tous \u00e2ges \u00e0 No\u00ebl. La boule en verre transparent pr\u00e9sente une image imprim\u00e9e de Winnie l&rsquo;ourson, avec une image de silhouette invers\u00e9e et remplie de pommes de pin artificielles. Il est termin\u00e9 par un topper argent\u00e9, sur lequel est fix\u00e9 le cintre \u00ab Disney 100 \u00bb en velours jaune ainsi qu&rsquo;une breloque en m\u00e9tal argent\u00e9 assortie. La boule est emball\u00e9e dans une bo\u00eete ouverte<\/p>\n","protected":false},"excerpt":{"rendered":"<p>Une boule en verre Winnie l&rsquo;ourson de Disney 100 par DISNEY\u00ae. Cette d\u00e9coration d&rsquo;arbre en \u00e9dition limit\u00e9e capture la v\u00e9ritable magie de Disney \u00e0 l&rsquo;occasion de son centenaire et peut \u00eatre appr\u00e9ci\u00e9e par les fans de tous \u00e2ges \u00e0 No\u00ebl. La boule en verre transparent pr\u00e9sente une image imprim\u00e9e de Winnie l&rsquo;ourson, avec une image [&hellip;]<\/p>\n","protected":false},"featured_media":149815,"comment_status":"open","ping_status":"closed","template":"","meta":[],"product_cat":[29],"product_tag":[],"aioseo_notices":[],"jetpack_sharing_enabled":true,"_links":{"self":[{"href":"https:\/\/pop-co.fr\/index.php\/wp-json\/wp\/v2\/product\/3276"}],"collection":[{"href":"https:\/\/pop-co.fr\/index.php\/wp-json\/wp\/v2\/product"}],"about":[{"href":"https:\/\/pop-co.fr\/index.php\/wp-json\/wp\/v2\/types\/product"}],"replies":[{"embeddable":true,"href":"https:\/\/pop-co.fr\/index.php\/wp-json\/wp\/v2\/comments?post=3276"}],"version-history":[{"count":0,"href":"https:\/\/pop-co.fr\/index.php\/wp-json\/wp\/v2\/product\/3276\/revisions"}],"wp:featuredmedia":[{"embeddable":true,"href":"https:\/\/pop-co.fr\/index.php\/wp-json\/wp\/v2\/media\/149815"}],"wp:attachment":[{"href":"https:\/\/pop-co.fr\/index.php\/wp-json\/wp\/v2\/media?parent=3276"}],"wp:term":[{"taxonomy":"product_cat","embeddable":true,"href":"https:\/\/pop-co.fr\/index.php\/wp-json\/wp\/v2\/product_cat?post=3276"},{"taxonomy":"product_tag","embeddable":true,"href":"https:\/\/pop-co.fr\/index.php\/wp-json\/wp\/v2\/product_tag?post=3276"}],"curies":[{"name":"wp","href":"https:\/\/api.w.org\/{rel}","templated":true}]}}