{"id":3302,"date":"2024-02-20T18:25:53","date_gmt":"2024-02-20T17:25:53","guid":{"rendered":"https:\/\/pop-co.fr\/index.php\/product\/pop-deluxe-n1057-disney-alice-et-fleurs\/"},"modified":"2025-06-28T13:30:49","modified_gmt":"2025-06-28T11:30:49","slug":"pop-deluxe-n1057-disney-alice-et-fleurs","status":"publish","type":"product","link":"https:\/\/pop-co.fr\/index.php\/product\/pop-deluxe-n1057-disney-alice-et-fleurs\/","title":{"rendered":"DISNEY &#8211; POP DELUXE N\u00b01057 Alice et fleurs"},"content":{"rendered":"<p>Pop Alice Au Pays Des Merveiles : Alice,<\/p>\n<p>mesure 9cm,<\/p>\n<p>produit pr\u00e9sent\u00e9 en bo\u00eete vitrine.<\/p>\n","protected":false},"excerpt":{"rendered":"<p>Pop Alice Au Pays Des Merveiles : Alice, mesure 9cm, produit pr\u00e9sent\u00e9 en bo\u00eete vitrine.<\/p>\n","protected":false},"featured_media":149828,"comment_status":"open","ping_status":"closed","template":"","meta":[],"product_cat":[29],"product_tag":[],"aioseo_notices":[],"jetpack_sharing_enabled":true,"_links":{"self":[{"href":"https:\/\/pop-co.fr\/index.php\/wp-json\/wp\/v2\/product\/3302"}],"collection":[{"href":"https:\/\/pop-co.fr\/index.php\/wp-json\/wp\/v2\/product"}],"about":[{"href":"https:\/\/pop-co.fr\/index.php\/wp-json\/wp\/v2\/types\/product"}],"replies":[{"embeddable":true,"href":"https:\/\/pop-co.fr\/index.php\/wp-json\/wp\/v2\/comments?post=3302"}],"version-history":[{"count":0,"href":"https:\/\/pop-co.fr\/index.php\/wp-json\/wp\/v2\/product\/3302\/revisions"}],"wp:featuredmedia":[{"embeddable":true,"href":"https:\/\/pop-co.fr\/index.php\/wp-json\/wp\/v2\/media\/149828"}],"wp:attachment":[{"href":"https:\/\/pop-co.fr\/index.php\/wp-json\/wp\/v2\/media?parent=3302"}],"wp:term":[{"taxonomy":"product_cat","embeddable":true,"href":"https:\/\/pop-co.fr\/index.php\/wp-json\/wp\/v2\/product_cat?post=3302"},{"taxonomy":"product_tag","embeddable":true,"href":"https:\/\/pop-co.fr\/index.php\/wp-json\/wp\/v2\/product_tag?post=3302"}],"curies":[{"name":"wp","href":"https:\/\/api.w.org\/{rel}","templated":true}]}}