{"id":330787,"date":"2025-03-15T19:30:24","date_gmt":"2025-03-15T18:30:24","guid":{"rendered":"https:\/\/pop-co.fr\/index.php\/product\/smiski-sunday-figurine-mystere\/"},"modified":"2025-06-28T11:46:22","modified_gmt":"2025-06-28T09:46:22","slug":"smiski-sunday-figurine-mystere","status":"publish","type":"product","link":"https:\/\/pop-co.fr\/index.php\/product\/smiski-sunday-figurine-mystere\/","title":{"rendered":"SMISKI &#8211; Sunday &#8211; Figurine myst\u00e8re"},"content":{"rendered":"<p>*ATTENTION PRODUIT AL\u00c9ATOIRE NE POUVANT \u00caTRE RETOURN\u00c9*<br \/>\nx1 Figurine PVC 7-10cm<\/p>\n<p>D\u00e9couvrez la s\u00e9rie Smiski Sunday, une collection originale avec des Smiski c\u00e9l\u00e9brant les petits plaisirs de la vie.<\/p>\n<p>Les Smiski sont des personnages phosphorescents venant du Japon.<\/p>\n","protected":false},"excerpt":{"rendered":"<p>*ATTENTION PRODUIT AL\u00c9ATOIRE NE POUVANT \u00caTRE RETOURN\u00c9* x1 Figurine PVC 7-10cm D\u00e9couvrez la s\u00e9rie Smiski Sunday, une collection originale avec des Smiski c\u00e9l\u00e9brant les petits plaisirs de la vie. Les Smiski sont des personnages phosphorescents venant du Japon.<\/p>\n","protected":false},"featured_media":346603,"comment_status":"open","ping_status":"closed","template":"","meta":[],"product_cat":[39,67],"product_tag":[],"aioseo_notices":[],"jetpack_sharing_enabled":true,"_links":{"self":[{"href":"https:\/\/pop-co.fr\/index.php\/wp-json\/wp\/v2\/product\/330787"}],"collection":[{"href":"https:\/\/pop-co.fr\/index.php\/wp-json\/wp\/v2\/product"}],"about":[{"href":"https:\/\/pop-co.fr\/index.php\/wp-json\/wp\/v2\/types\/product"}],"replies":[{"embeddable":true,"href":"https:\/\/pop-co.fr\/index.php\/wp-json\/wp\/v2\/comments?post=330787"}],"version-history":[{"count":0,"href":"https:\/\/pop-co.fr\/index.php\/wp-json\/wp\/v2\/product\/330787\/revisions"}],"wp:featuredmedia":[{"embeddable":true,"href":"https:\/\/pop-co.fr\/index.php\/wp-json\/wp\/v2\/media\/346603"}],"wp:attachment":[{"href":"https:\/\/pop-co.fr\/index.php\/wp-json\/wp\/v2\/media?parent=330787"}],"wp:term":[{"taxonomy":"product_cat","embeddable":true,"href":"https:\/\/pop-co.fr\/index.php\/wp-json\/wp\/v2\/product_cat?post=330787"},{"taxonomy":"product_tag","embeddable":true,"href":"https:\/\/pop-co.fr\/index.php\/wp-json\/wp\/v2\/product_tag?post=330787"}],"curies":[{"name":"wp","href":"https:\/\/api.w.org\/{rel}","templated":true}]}}