{"id":330801,"date":"2025-03-15T19:40:28","date_gmt":"2025-03-15T18:40:28","guid":{"rendered":"https:\/\/pop-co.fr\/index.php\/product\/animal-bakery-serie-2-figurine-mystere\/"},"modified":"2025-06-28T11:46:19","modified_gmt":"2025-06-28T09:46:19","slug":"animal-bakery-serie-2-figurine-mystere","status":"publish","type":"product","link":"https:\/\/pop-co.fr\/index.php\/product\/animal-bakery-serie-2-figurine-mystere\/","title":{"rendered":"ANIMAL BAKERY &#8211; S\u00e9rie 2 &#8211; Figurine myst\u00e8re"},"content":{"rendered":"<p>*ATTENTION PRODUIT AL\u00c9ATOIRE NE POUVANT \u00caTRE RETOURN\u00c9*<br \/>\nFigurine PVC 10<\/p>\n<p>D\u00e9couvrez la nouvelle collection \u2013 Animal Bakery S\u00e9rie 2 !<\/p>\n<p>Apr\u00e8s le succ\u00e8s de la premi\u00e8re \u00e9dition, les petits animaux et leurs d\u00e9licieuses viennoiseries sont de retour ! Cette s\u00e9rie associe l\u2019univers gourmand de la boulangerie aux animaux les plus adorables, comme le lion ou l\u2019\u00e9cureuil.<\/p>\n<p>Chaque bo\u00eete est une Blind Box, impossible de savoir quelle figurine se cache \u00e0 l\u2019int\u00e9rieur avant de l\u2019ouvrir\u2026 et peut-\u00eatre aurez-vous la chance de tomber sur le secret myst\u00e8re !<\/p>\n<p>Ajoutez une touche de douceur et de surprise \u00e0 votre collection !<\/p>\n","protected":false},"excerpt":{"rendered":"<p>*ATTENTION PRODUIT AL\u00c9ATOIRE NE POUVANT \u00caTRE RETOURN\u00c9* Figurine PVC 10 D\u00e9couvrez la nouvelle collection \u2013 Animal Bakery S\u00e9rie 2 ! Apr\u00e8s le succ\u00e8s de la premi\u00e8re \u00e9dition, les petits animaux et leurs d\u00e9licieuses viennoiseries sont de retour ! Cette s\u00e9rie associe l\u2019univers gourmand de la boulangerie aux animaux les plus adorables, comme le lion ou [&hellip;]<\/p>\n","protected":false},"featured_media":347663,"comment_status":"open","ping_status":"closed","template":"","meta":[],"product_cat":[39,67],"product_tag":[],"aioseo_notices":[],"jetpack_sharing_enabled":true,"_links":{"self":[{"href":"https:\/\/pop-co.fr\/index.php\/wp-json\/wp\/v2\/product\/330801"}],"collection":[{"href":"https:\/\/pop-co.fr\/index.php\/wp-json\/wp\/v2\/product"}],"about":[{"href":"https:\/\/pop-co.fr\/index.php\/wp-json\/wp\/v2\/types\/product"}],"replies":[{"embeddable":true,"href":"https:\/\/pop-co.fr\/index.php\/wp-json\/wp\/v2\/comments?post=330801"}],"version-history":[{"count":0,"href":"https:\/\/pop-co.fr\/index.php\/wp-json\/wp\/v2\/product\/330801\/revisions"}],"wp:featuredmedia":[{"embeddable":true,"href":"https:\/\/pop-co.fr\/index.php\/wp-json\/wp\/v2\/media\/347663"}],"wp:attachment":[{"href":"https:\/\/pop-co.fr\/index.php\/wp-json\/wp\/v2\/media?parent=330801"}],"wp:term":[{"taxonomy":"product_cat","embeddable":true,"href":"https:\/\/pop-co.fr\/index.php\/wp-json\/wp\/v2\/product_cat?post=330801"},{"taxonomy":"product_tag","embeddable":true,"href":"https:\/\/pop-co.fr\/index.php\/wp-json\/wp\/v2\/product_tag?post=330801"}],"curies":[{"name":"wp","href":"https:\/\/api.w.org\/{rel}","templated":true}]}}