{"id":331979,"date":"2025-03-28T16:39:48","date_gmt":"2025-03-28T15:39:48","guid":{"rendered":"https:\/\/pop-co.fr\/index.php\/product\/mug-xl-pokemon-pikachu-2\/"},"modified":"2025-06-28T13:23:17","modified_gmt":"2025-06-28T11:23:17","slug":"mug-xl-pokemon-pikachu-2","status":"publish","type":"product","link":"https:\/\/pop-co.fr\/index.php\/product\/mug-xl-pokemon-pikachu-2\/","title":{"rendered":"MUG XL &#8211; POKEMON &#8211; Pikachu"},"content":{"rendered":"<p>Le Pokemon pr\u00e9f\u00e9r\u00e9 de tous, Pikachu, effront\u00e9 mais mignon, sur ce mug par ABYstyle ! <\/p>\n<p>&#8211; Grande contenance (460 ml).<br \/>\n&#8211; Tenue d&rsquo;impression exceptionnelle, compatible lave-vaisselle.<br \/>\n&#8211; Compatible micro-ondes<br \/>\n&#8211; Mati\u00e8re c\u00e9ramique<br \/>\n&#8211; Packaging : bo\u00eete PVC cristal permettant de prot\u00e9ger le mug tout en assurant une visibilit\u00e9 \u00e0 360\u00b0.<\/p>\n","protected":false},"excerpt":{"rendered":"<p>Le Pokemon pr\u00e9f\u00e9r\u00e9 de tous, Pikachu, effront\u00e9 mais mignon, sur ce mug par ABYstyle ! &#8211; Grande contenance (460 ml). &#8211; Tenue d&rsquo;impression exceptionnelle, compatible lave-vaisselle. &#8211; Compatible micro-ondes &#8211; Mati\u00e8re c\u00e9ramique &#8211; Packaging : bo\u00eete PVC cristal permettant de prot\u00e9ger le mug tout en assurant une visibilit\u00e9 \u00e0 360\u00b0.<\/p>\n","protected":false},"featured_media":349328,"comment_status":"open","ping_status":"closed","template":"","meta":[],"product_cat":[34,20],"product_tag":[],"aioseo_notices":[],"jetpack_sharing_enabled":true,"_links":{"self":[{"href":"https:\/\/pop-co.fr\/index.php\/wp-json\/wp\/v2\/product\/331979"}],"collection":[{"href":"https:\/\/pop-co.fr\/index.php\/wp-json\/wp\/v2\/product"}],"about":[{"href":"https:\/\/pop-co.fr\/index.php\/wp-json\/wp\/v2\/types\/product"}],"replies":[{"embeddable":true,"href":"https:\/\/pop-co.fr\/index.php\/wp-json\/wp\/v2\/comments?post=331979"}],"version-history":[{"count":0,"href":"https:\/\/pop-co.fr\/index.php\/wp-json\/wp\/v2\/product\/331979\/revisions"}],"wp:featuredmedia":[{"embeddable":true,"href":"https:\/\/pop-co.fr\/index.php\/wp-json\/wp\/v2\/media\/349328"}],"wp:attachment":[{"href":"https:\/\/pop-co.fr\/index.php\/wp-json\/wp\/v2\/media?parent=331979"}],"wp:term":[{"taxonomy":"product_cat","embeddable":true,"href":"https:\/\/pop-co.fr\/index.php\/wp-json\/wp\/v2\/product_cat?post=331979"},{"taxonomy":"product_tag","embeddable":true,"href":"https:\/\/pop-co.fr\/index.php\/wp-json\/wp\/v2\/product_tag?post=331979"}],"curies":[{"name":"wp","href":"https:\/\/api.w.org\/{rel}","templated":true}]}}