{"id":332671,"date":"2025-03-31T10:47:41","date_gmt":"2025-03-31T08:47:41","guid":{"rendered":"https:\/\/pop-co.fr\/index.php\/product\/mug-xl-dan-da-dan-equipe\/"},"modified":"2025-06-28T11:45:28","modified_gmt":"2025-06-28T09:45:28","slug":"mug-xl-dan-da-dan-equipe","status":"publish","type":"product","link":"https:\/\/pop-co.fr\/index.php\/product\/mug-xl-dan-da-dan-equipe\/","title":{"rendered":"MUG XL &#8211; DAN DA DAN &#8211; Equipe"},"content":{"rendered":"<p>Les esprits et \u00eatres surnaturels ne sont pas \u00e0 prendre \u00e0 la l\u00e9g\u00e8re ! Une simple aventure innocente peut r\u00e9v\u00e9ler bien des secrets, et faire appara\u00eetre une quantit\u00e9 insoup\u00e7onn\u00e9e de probl\u00e8mes ! Retrouvez Momo et Okarun, les personnages principaux de Dan Da Dan, ainsi que leurs amis et alli\u00e9s sur ce mug par ABYstyle. <\/p>\n<p>&#8211; Mug en c\u00e9ramique de haute qualit\u00e9. Contenance standard (320 ml)<br \/>\n&#8211; Packaging : bo\u00eete cartonn\u00e9e permettant de prot\u00e9ger le mug tout en assurant une visibilit\u00e9 \u00e0 360\u00b0<br \/>\n&#8211; Convient aux micro-ondes et lave-vaisselle.<\/p>\n","protected":false},"excerpt":{"rendered":"<p>Les esprits et \u00eatres surnaturels ne sont pas \u00e0 prendre \u00e0 la l\u00e9g\u00e8re ! Une simple aventure innocente peut r\u00e9v\u00e9ler bien des secrets, et faire appara\u00eetre une quantit\u00e9 insoup\u00e7onn\u00e9e de probl\u00e8mes ! Retrouvez Momo et Okarun, les personnages principaux de Dan Da Dan, ainsi que leurs amis et alli\u00e9s sur ce mug par ABYstyle. &#8211; [&hellip;]<\/p>\n","protected":false},"featured_media":339416,"comment_status":"open","ping_status":"closed","template":"","meta":[],"product_cat":[17,18],"product_tag":[],"aioseo_notices":[],"jetpack_sharing_enabled":true,"_links":{"self":[{"href":"https:\/\/pop-co.fr\/index.php\/wp-json\/wp\/v2\/product\/332671"}],"collection":[{"href":"https:\/\/pop-co.fr\/index.php\/wp-json\/wp\/v2\/product"}],"about":[{"href":"https:\/\/pop-co.fr\/index.php\/wp-json\/wp\/v2\/types\/product"}],"replies":[{"embeddable":true,"href":"https:\/\/pop-co.fr\/index.php\/wp-json\/wp\/v2\/comments?post=332671"}],"version-history":[{"count":0,"href":"https:\/\/pop-co.fr\/index.php\/wp-json\/wp\/v2\/product\/332671\/revisions"}],"wp:featuredmedia":[{"embeddable":true,"href":"https:\/\/pop-co.fr\/index.php\/wp-json\/wp\/v2\/media\/339416"}],"wp:attachment":[{"href":"https:\/\/pop-co.fr\/index.php\/wp-json\/wp\/v2\/media?parent=332671"}],"wp:term":[{"taxonomy":"product_cat","embeddable":true,"href":"https:\/\/pop-co.fr\/index.php\/wp-json\/wp\/v2\/product_cat?post=332671"},{"taxonomy":"product_tag","embeddable":true,"href":"https:\/\/pop-co.fr\/index.php\/wp-json\/wp\/v2\/product_tag?post=332671"}],"curies":[{"name":"wp","href":"https:\/\/api.w.org\/{rel}","templated":true}]}}