{"id":332994,"date":"2025-03-31T10:57:23","date_gmt":"2025-03-31T08:57:23","guid":{"rendered":"https:\/\/pop-co.fr\/index.php\/product\/mug-hatsune-miku-miku-anniversaire\/"},"modified":"2025-07-23T15:12:02","modified_gmt":"2025-07-23T13:12:02","slug":"mug-hatsune-miku-miku-anniversaire","status":"publish","type":"product","link":"https:\/\/pop-co.fr\/index.php\/product\/mug-hatsune-miku-miku-anniversaire\/","title":{"rendered":"MUG &#8211; HATSUNE MIKU &#8211; Miku anniversaire"},"content":{"rendered":"<p>Commencez votre journ\u00e9e sur la bonne longueur d&rsquo;onde en vous envolant \u00e0 travers les barres de son avec Hatsune Miku \u00e0 l&rsquo;occasion de son 16 \u00e8me anniversaire ! Ce mug en c\u00e9ramique par ABYstyle, d&rsquo;une contenance de 320 ml, est orn\u00e9e d&rsquo;un dessin exclusif de Rella c\u00e9l\u00e9brant le 16 \u00e8me anniversaire de votre chanteuse virtuelle pr\u00e9f\u00e9r\u00e9e. <\/p>\n<p>&#8211; Contenance standard (320 ml)<br \/>\n&#8211; Packaging : bo\u00eete cartonn\u00e9e permettant de prot\u00e9ger le mug tout en assurant une visibilit\u00e9 \u00e0 360\u00b0.<br \/>\n&#8211; Convient aux micro-ondes et lave-vaisselle.<\/p>\n","protected":false},"excerpt":{"rendered":"<p>Commencez votre journ\u00e9e sur la bonne longueur d&rsquo;onde en vous envolant \u00e0 travers les barres de son avec Hatsune Miku \u00e0 l&rsquo;occasion de son 16 \u00e8me anniversaire ! Ce mug en c\u00e9ramique par ABYstyle, d&rsquo;une contenance de 320 ml, est orn\u00e9e d&rsquo;un dessin exclusif de Rella c\u00e9l\u00e9brant le 16 \u00e8me anniversaire de votre chanteuse virtuelle [&hellip;]<\/p>\n","protected":false},"featured_media":355059,"comment_status":"open","ping_status":"closed","template":"","meta":[],"product_cat":[17,18,39,66],"product_tag":[],"aioseo_notices":[],"jetpack_sharing_enabled":true,"_links":{"self":[{"href":"https:\/\/pop-co.fr\/index.php\/wp-json\/wp\/v2\/product\/332994"}],"collection":[{"href":"https:\/\/pop-co.fr\/index.php\/wp-json\/wp\/v2\/product"}],"about":[{"href":"https:\/\/pop-co.fr\/index.php\/wp-json\/wp\/v2\/types\/product"}],"replies":[{"embeddable":true,"href":"https:\/\/pop-co.fr\/index.php\/wp-json\/wp\/v2\/comments?post=332994"}],"version-history":[{"count":1,"href":"https:\/\/pop-co.fr\/index.php\/wp-json\/wp\/v2\/product\/332994\/revisions"}],"predecessor-version":[{"id":355062,"href":"https:\/\/pop-co.fr\/index.php\/wp-json\/wp\/v2\/product\/332994\/revisions\/355062"}],"wp:featuredmedia":[{"embeddable":true,"href":"https:\/\/pop-co.fr\/index.php\/wp-json\/wp\/v2\/media\/355059"}],"wp:attachment":[{"href":"https:\/\/pop-co.fr\/index.php\/wp-json\/wp\/v2\/media?parent=332994"}],"wp:term":[{"taxonomy":"product_cat","embeddable":true,"href":"https:\/\/pop-co.fr\/index.php\/wp-json\/wp\/v2\/product_cat?post=332994"},{"taxonomy":"product_tag","embeddable":true,"href":"https:\/\/pop-co.fr\/index.php\/wp-json\/wp\/v2\/product_tag?post=332994"}],"curies":[{"name":"wp","href":"https:\/\/api.w.org\/{rel}","templated":true}]}}