{"id":3333,"date":"2024-02-20T18:27:04","date_gmt":"2024-02-20T17:27:04","guid":{"rendered":"https:\/\/pop-co.fr\/index.php\/product\/sac-bandouliere-loungefly-disney-lapin-blanc-alice-au-pays-des-merveilles\/"},"modified":"2025-06-28T13:31:48","modified_gmt":"2025-06-28T11:31:48","slug":"sac-bandouliere-loungefly-disney-lapin-blanc-alice-au-pays-des-merveilles","status":"publish","type":"product","link":"https:\/\/pop-co.fr\/index.php\/product\/sac-bandouliere-loungefly-disney-lapin-blanc-alice-au-pays-des-merveilles\/","title":{"rendered":"SAC BANDOULIERE LOUNGEFLY &#8211; DISNEY &#8211; Lapin blanc (Alice au pays des merveilles)"},"content":{"rendered":"<p>Vous \u00eates press\u00e9 ? Arrivez \u00e0 la mode en retard ! Faites de notre Loungefly Disney Alice in Wonderland White Rabbit Crossbody Bag un ajout opportun \u00e0 votre garde-robe. Ce charmant sac est recouvert d&rsquo;un doux tissu sherpa blanc en l&rsquo;honneur du lapin blanc de Disney. Ses oreilles en applique se dressent sur le dessus, et sur le rabat, vous trouverez des garnitures bleues festonn\u00e9es en applique provenant de sa tenue. Sous le rabat, vous verrez le c\u0153ur caract\u00e9ristique de la Reine Rouge, que le Lapin Blanc porte dans son costume, et de chaque c\u00f4t\u00e9, des champs de rouge paillet\u00e9. Ce sac \u00e0 bandouli\u00e8re est \u00e9galement accompagn\u00e9 d&rsquo;un porte-monnaie en forme de montre de poche pour ranger les petits objets lors de tous vos d\u00e9placements. Le sac \u00e0 monnaie s&rsquo;attache \u00e0 l&rsquo;aide d&rsquo;une cha\u00eene dor\u00e9e, et les aiguilles de l&rsquo;horloge en applique se d\u00e9placent sur un rivet. Sur l&rsquo;applique blanche avec le c\u0153ur sur le panneau avant, il y a une pochette suppl\u00e9mentaire pour ranger le sac \u00e0 monnaie de la montre \u00e0 gousset. Au dos, les mots \u00ab\u00a0Je suis en retard, je suis en retard\u00a0\u00bb apparaissent. Profitez d&rsquo;une merveille d&rsquo;aventures, dans la peau de votre personnage, o\u00f9 que vous alliez. Le sac crois\u00e9 Loungefly Disney Alice in Wonderland White Rabbit Cosplay Crossbody Bag est fabriqu\u00e9 en cuir v\u00e9g\u00e9talien (polyur\u00e9thane). Le sac est dot\u00e9 d&rsquo;une bandouli\u00e8re r\u00e9glable (d\u00e9tachable), d&rsquo;un sac \u00e0 monnaie d\u00e9tachable et d&rsquo;une solide fermeture en m\u00e9tal dor\u00e9. Parmi les autres caract\u00e9ristiques, citons le cuir v\u00e9g\u00e9talien paillet\u00e9, le tissu sherpa, un rivet pour les parties mobiles, des broderies et des d\u00e9tails appliqu\u00e9s et imprim\u00e9s. Notez la doublure int\u00e9rieure coordonn\u00e9e.<\/p>\n","protected":false},"excerpt":{"rendered":"<p>Vous \u00eates press\u00e9 ? Arrivez \u00e0 la mode en retard ! Faites de notre Loungefly Disney Alice in Wonderland White Rabbit Crossbody Bag un ajout opportun \u00e0 votre garde-robe. Ce charmant sac est recouvert d&rsquo;un doux tissu sherpa blanc en l&rsquo;honneur du lapin blanc de Disney. Ses oreilles en applique se dressent sur le dessus, [&hellip;]<\/p>\n","protected":false},"featured_media":149841,"comment_status":"open","ping_status":"closed","template":"","meta":[],"product_cat":[48,47],"product_tag":[],"aioseo_notices":[],"jetpack_sharing_enabled":true,"_links":{"self":[{"href":"https:\/\/pop-co.fr\/index.php\/wp-json\/wp\/v2\/product\/3333"}],"collection":[{"href":"https:\/\/pop-co.fr\/index.php\/wp-json\/wp\/v2\/product"}],"about":[{"href":"https:\/\/pop-co.fr\/index.php\/wp-json\/wp\/v2\/types\/product"}],"replies":[{"embeddable":true,"href":"https:\/\/pop-co.fr\/index.php\/wp-json\/wp\/v2\/comments?post=3333"}],"version-history":[{"count":0,"href":"https:\/\/pop-co.fr\/index.php\/wp-json\/wp\/v2\/product\/3333\/revisions"}],"wp:featuredmedia":[{"embeddable":true,"href":"https:\/\/pop-co.fr\/index.php\/wp-json\/wp\/v2\/media\/149841"}],"wp:attachment":[{"href":"https:\/\/pop-co.fr\/index.php\/wp-json\/wp\/v2\/media?parent=3333"}],"wp:term":[{"taxonomy":"product_cat","embeddable":true,"href":"https:\/\/pop-co.fr\/index.php\/wp-json\/wp\/v2\/product_cat?post=3333"},{"taxonomy":"product_tag","embeddable":true,"href":"https:\/\/pop-co.fr\/index.php\/wp-json\/wp\/v2\/product_tag?post=3333"}],"curies":[{"name":"wp","href":"https:\/\/api.w.org\/{rel}","templated":true}]}}