{"id":335284,"date":"2025-03-31T12:23:40","date_gmt":"2025-03-31T10:23:40","guid":{"rendered":"https:\/\/pop-co.fr\/index.php\/product\/porte-cle-chainsaw-man-tete\/"},"modified":"2025-06-28T11:45:47","modified_gmt":"2025-06-28T09:45:47","slug":"porte-cle-chainsaw-man-tete","status":"publish","type":"product","link":"https:\/\/pop-co.fr\/index.php\/product\/porte-cle-chainsaw-man-tete\/","title":{"rendered":"Porte cl\u00e9 &#8211; Chainsaw Man &#8211; T\u00eate"},"content":{"rendered":"<p>Le d\u00e9mon tron\u00e7onneuse est l&rsquo;un des d\u00e9mons les plus myst\u00e9rieux et craints ! O\u00f9 que vous alliez, le Chainsaw Man vous accompagne gr\u00e2ce \u00e0 ce porte-cl\u00e9s Chainsaw Man ABYstyle ! <\/p>\n<p>&#8211; Porte-cl\u00e9s en m\u00e9tal de haute qualit\u00e9<br \/>\n&#8211; Packaging attractif, adapt\u00e9 \u00e0 la mise en rayon<br \/>\n&#8211; 100 % officiel : copyright et logo grav\u00e9s au dos du porte-cl\u00e9s<br \/>\n&#8211; Dimensions : H. 6 cm x L. 2.5 cm<\/p>\n","protected":false},"excerpt":{"rendered":"<p>Le d\u00e9mon tron\u00e7onneuse est l&rsquo;un des d\u00e9mons les plus myst\u00e9rieux et craints ! O\u00f9 que vous alliez, le Chainsaw Man vous accompagne gr\u00e2ce \u00e0 ce porte-cl\u00e9s Chainsaw Man ABYstyle ! &#8211; Porte-cl\u00e9s en m\u00e9tal de haute qualit\u00e9 &#8211; Packaging attractif, adapt\u00e9 \u00e0 la mise en rayon &#8211; 100 % officiel : copyright et logo grav\u00e9s [&hellip;]<\/p>\n","protected":false},"featured_media":336288,"comment_status":"open","ping_status":"closed","template":"","meta":[],"product_cat":[17,18],"product_tag":[],"aioseo_notices":[],"jetpack_sharing_enabled":true,"_links":{"self":[{"href":"https:\/\/pop-co.fr\/index.php\/wp-json\/wp\/v2\/product\/335284"}],"collection":[{"href":"https:\/\/pop-co.fr\/index.php\/wp-json\/wp\/v2\/product"}],"about":[{"href":"https:\/\/pop-co.fr\/index.php\/wp-json\/wp\/v2\/types\/product"}],"replies":[{"embeddable":true,"href":"https:\/\/pop-co.fr\/index.php\/wp-json\/wp\/v2\/comments?post=335284"}],"version-history":[{"count":0,"href":"https:\/\/pop-co.fr\/index.php\/wp-json\/wp\/v2\/product\/335284\/revisions"}],"wp:featuredmedia":[{"embeddable":true,"href":"https:\/\/pop-co.fr\/index.php\/wp-json\/wp\/v2\/media\/336288"}],"wp:attachment":[{"href":"https:\/\/pop-co.fr\/index.php\/wp-json\/wp\/v2\/media?parent=335284"}],"wp:term":[{"taxonomy":"product_cat","embeddable":true,"href":"https:\/\/pop-co.fr\/index.php\/wp-json\/wp\/v2\/product_cat?post=335284"},{"taxonomy":"product_tag","embeddable":true,"href":"https:\/\/pop-co.fr\/index.php\/wp-json\/wp\/v2\/product_tag?post=335284"}],"curies":[{"name":"wp","href":"https:\/\/api.w.org\/{rel}","templated":true}]}}