{"id":335379,"date":"2025-03-31T12:30:48","date_gmt":"2025-03-31T10:30:48","guid":{"rendered":"https:\/\/pop-co.fr\/index.php\/product\/portefeuille-dragon-ball-dbz-goku\/"},"modified":"2025-06-28T11:46:03","modified_gmt":"2025-06-28T09:46:03","slug":"portefeuille-dragon-ball-dbz-goku","status":"publish","type":"product","link":"https:\/\/pop-co.fr\/index.php\/product\/portefeuille-dragon-ball-dbz-goku\/","title":{"rendered":"Portefeuille &#8211; Dragon ball &#8211; DBZ\/GOKU"},"content":{"rendered":"<p>Avec ce portefeuille Dragon Ball Z par ABYstyle, Goku lui-m\u00eame veillera sur votre argent !<br \/>\n&#8211; Plusieurs emplacements de rangement pour une commodit\u00e9 maximale. Permet de placer vos cartes, vos billets et votre monnaie en toute s\u00e9curit\u00e9. <\/p>\n<p>&#8211; Dimensions: environ11 cm x 9,5 cm ferm\u00e9, 22 cm L ouvert<\/p>\n","protected":false},"excerpt":{"rendered":"<p>Avec ce portefeuille Dragon Ball Z par ABYstyle, Goku lui-m\u00eame veillera sur votre argent ! &#8211; Plusieurs emplacements de rangement pour une commodit\u00e9 maximale. Permet de placer vos cartes, vos billets et votre monnaie en toute s\u00e9curit\u00e9. &#8211; Dimensions: environ11 cm x 9,5 cm ferm\u00e9, 22 cm L ouvert<\/p>\n","protected":false},"featured_media":340911,"comment_status":"open","ping_status":"closed","template":"","meta":[],"product_cat":[17,23],"product_tag":[],"aioseo_notices":[],"jetpack_sharing_enabled":true,"_links":{"self":[{"href":"https:\/\/pop-co.fr\/index.php\/wp-json\/wp\/v2\/product\/335379"}],"collection":[{"href":"https:\/\/pop-co.fr\/index.php\/wp-json\/wp\/v2\/product"}],"about":[{"href":"https:\/\/pop-co.fr\/index.php\/wp-json\/wp\/v2\/types\/product"}],"replies":[{"embeddable":true,"href":"https:\/\/pop-co.fr\/index.php\/wp-json\/wp\/v2\/comments?post=335379"}],"version-history":[{"count":0,"href":"https:\/\/pop-co.fr\/index.php\/wp-json\/wp\/v2\/product\/335379\/revisions"}],"wp:featuredmedia":[{"embeddable":true,"href":"https:\/\/pop-co.fr\/index.php\/wp-json\/wp\/v2\/media\/340911"}],"wp:attachment":[{"href":"https:\/\/pop-co.fr\/index.php\/wp-json\/wp\/v2\/media?parent=335379"}],"wp:term":[{"taxonomy":"product_cat","embeddable":true,"href":"https:\/\/pop-co.fr\/index.php\/wp-json\/wp\/v2\/product_cat?post=335379"},{"taxonomy":"product_tag","embeddable":true,"href":"https:\/\/pop-co.fr\/index.php\/wp-json\/wp\/v2\/product_tag?post=335379"}],"curies":[{"name":"wp","href":"https:\/\/api.w.org\/{rel}","templated":true}]}}