{"id":335409,"date":"2025-03-31T12:31:10","date_gmt":"2025-03-31T10:31:10","guid":{"rendered":"https:\/\/pop-co.fr\/index.php\/product\/porte-carte-pokemon-pikachu\/"},"modified":"2025-06-28T11:45:59","modified_gmt":"2025-06-28T09:45:59","slug":"porte-carte-pokemon-pikachu","status":"publish","type":"product","link":"https:\/\/pop-co.fr\/index.php\/product\/porte-carte-pokemon-pikachu\/","title":{"rendered":"Porte carte &#8211; Pokemon &#8211; Pikachu"},"content":{"rendered":"<p>Pikachu gardera vos cartes en s\u00e9curit\u00e9 gr\u00e2ce \u00e0 cet amusant porte-cartes Pokemon par ABYstyle ! Fabriqu\u00e9 \u00e0 partir de mat\u00e9riaux de haute qualit\u00e9 avec 3 poches pour cartes et une fen\u00eatre d&rsquo;identification, il est id\u00e9al pour toutes sortes de cartes d&rsquo;abonnement, de cartes de cr\u00e9dit, de cartes de voyage et de cartes d&rsquo;identit\u00e9.<br \/>\n&#8211; Porte-cartes avec trois compartiments et un compartiment transparent pour toutes vos cartes.<br \/>\n&#8211; Id\u00e9al pour les cartes de voyage, les cartes de cr\u00e9dit, les cartes de fid\u00e9lit\u00e9, etc.<br \/>\n&#8211; Dimensions : 10 x 7 cm<br \/>\n&#8211; Anneau en m\u00e9tal<\/p>\n","protected":false},"excerpt":{"rendered":"<p>Pikachu gardera vos cartes en s\u00e9curit\u00e9 gr\u00e2ce \u00e0 cet amusant porte-cartes Pokemon par ABYstyle ! Fabriqu\u00e9 \u00e0 partir de mat\u00e9riaux de haute qualit\u00e9 avec 3 poches pour cartes et une fen\u00eatre d&rsquo;identification, il est id\u00e9al pour toutes sortes de cartes d&rsquo;abonnement, de cartes de cr\u00e9dit, de cartes de voyage et de cartes d&rsquo;identit\u00e9. &#8211; Porte-cartes [&hellip;]<\/p>\n","protected":false},"featured_media":336075,"comment_status":"open","ping_status":"closed","template":"","meta":[],"product_cat":[34,20],"product_tag":[],"aioseo_notices":[],"jetpack_sharing_enabled":true,"_links":{"self":[{"href":"https:\/\/pop-co.fr\/index.php\/wp-json\/wp\/v2\/product\/335409"}],"collection":[{"href":"https:\/\/pop-co.fr\/index.php\/wp-json\/wp\/v2\/product"}],"about":[{"href":"https:\/\/pop-co.fr\/index.php\/wp-json\/wp\/v2\/types\/product"}],"replies":[{"embeddable":true,"href":"https:\/\/pop-co.fr\/index.php\/wp-json\/wp\/v2\/comments?post=335409"}],"version-history":[{"count":0,"href":"https:\/\/pop-co.fr\/index.php\/wp-json\/wp\/v2\/product\/335409\/revisions"}],"wp:featuredmedia":[{"embeddable":true,"href":"https:\/\/pop-co.fr\/index.php\/wp-json\/wp\/v2\/media\/336075"}],"wp:attachment":[{"href":"https:\/\/pop-co.fr\/index.php\/wp-json\/wp\/v2\/media?parent=335409"}],"wp:term":[{"taxonomy":"product_cat","embeddable":true,"href":"https:\/\/pop-co.fr\/index.php\/wp-json\/wp\/v2\/product_cat?post=335409"},{"taxonomy":"product_tag","embeddable":true,"href":"https:\/\/pop-co.fr\/index.php\/wp-json\/wp\/v2\/product_tag?post=335409"}],"curies":[{"name":"wp","href":"https:\/\/api.w.org\/{rel}","templated":true}]}}