{"id":335660,"date":"2025-03-31T13:16:12","date_gmt":"2025-03-31T11:16:12","guid":{"rendered":"https:\/\/pop-co.fr\/index.php\/product\/bol-one-piece-skull-3\/"},"modified":"2025-07-01T18:22:50","modified_gmt":"2025-07-01T16:22:50","slug":"bol-one-piece-skull-3","status":"publish","type":"product","link":"https:\/\/pop-co.fr\/index.php\/product\/bol-one-piece-skull-3\/","title":{"rendered":"BOL &#8211; ONE PIECE &#8211; Skull"},"content":{"rendered":"<p>Prenez votre petit d\u00e9jeuner avec l&rsquo;\u00e9quipage de Luffy avec ce g\u00e9nial bol One Piece par ABYstyle ! <\/p>\n<p>&#8211; Bol en c\u00e9ramique de haute qualit\u00e9. Contenance standard (600 ml)<br \/>\n&#8211; Tenue d&rsquo;impression exceptionnelle : r\u00e9siste \u00e0 plus de 800 cycles au lave-vaisselle.<br \/>\n&#8211; Compatible micro-ondes<br \/>\n&#8211; Packaging cartonn\u00e9 permettant de prot\u00e9ger le bol tout en assurant une visibilit\u00e9 \u00e0 360\u00b0.<\/p>\n","protected":false},"excerpt":{"rendered":"<p>Prenez votre petit d\u00e9jeuner avec l&rsquo;\u00e9quipage de Luffy avec ce g\u00e9nial bol One Piece par ABYstyle ! &#8211; Bol en c\u00e9ramique de haute qualit\u00e9. Contenance standard (600 ml) &#8211; Tenue d&rsquo;impression exceptionnelle : r\u00e9siste \u00e0 plus de 800 cycles au lave-vaisselle. &#8211; Compatible micro-ondes &#8211; Packaging cartonn\u00e9 permettant de prot\u00e9ger le bol tout en assurant [&hellip;]<\/p>\n","protected":false},"featured_media":353189,"comment_status":"open","ping_status":"closed","template":"","meta":[],"product_cat":[17,22],"product_tag":[],"aioseo_notices":[],"jetpack_sharing_enabled":true,"_links":{"self":[{"href":"https:\/\/pop-co.fr\/index.php\/wp-json\/wp\/v2\/product\/335660"}],"collection":[{"href":"https:\/\/pop-co.fr\/index.php\/wp-json\/wp\/v2\/product"}],"about":[{"href":"https:\/\/pop-co.fr\/index.php\/wp-json\/wp\/v2\/types\/product"}],"replies":[{"embeddable":true,"href":"https:\/\/pop-co.fr\/index.php\/wp-json\/wp\/v2\/comments?post=335660"}],"version-history":[{"count":0,"href":"https:\/\/pop-co.fr\/index.php\/wp-json\/wp\/v2\/product\/335660\/revisions"}],"wp:featuredmedia":[{"embeddable":true,"href":"https:\/\/pop-co.fr\/index.php\/wp-json\/wp\/v2\/media\/353189"}],"wp:attachment":[{"href":"https:\/\/pop-co.fr\/index.php\/wp-json\/wp\/v2\/media?parent=335660"}],"wp:term":[{"taxonomy":"product_cat","embeddable":true,"href":"https:\/\/pop-co.fr\/index.php\/wp-json\/wp\/v2\/product_cat?post=335660"},{"taxonomy":"product_tag","embeddable":true,"href":"https:\/\/pop-co.fr\/index.php\/wp-json\/wp\/v2\/product_tag?post=335660"}],"curies":[{"name":"wp","href":"https:\/\/api.w.org\/{rel}","templated":true}]}}