{"id":335695,"date":"2025-04-01T10:03:39","date_gmt":"2025-04-01T08:03:39","guid":{"rendered":"https:\/\/pop-co.fr\/index.php\/product\/verre-xxl-ac-dc\/"},"modified":"2025-06-28T11:45:09","modified_gmt":"2025-06-28T09:45:09","slug":"verre-xxl-ac-dc","status":"publish","type":"product","link":"https:\/\/pop-co.fr\/index.php\/product\/verre-xxl-ac-dc\/","title":{"rendered":"Verre XXL &#8211; AC\/DC"},"content":{"rendered":"<p>Ce verre XXL AC\/DC de GB EYE music est le compagnon parfait, que vous trinquiez pour c\u00e9l\u00e9brer les inoubliables succ\u00e8s d&rsquo;AC\/DC, que vous profitiez d&rsquo;un concert de rock, ou que vous vous d\u00e9tendiez simplement avec votre boisson pr\u00e9f\u00e9r\u00e9e, affirmez vous et laissez la musique vous emporter dans un voyage dans le temps, vers l&rsquo;\u00e2ge d&rsquo;or du rock.<\/p>\n","protected":false},"excerpt":{"rendered":"<p>Ce verre XXL AC\/DC de GB EYE music est le compagnon parfait, que vous trinquiez pour c\u00e9l\u00e9brer les inoubliables succ\u00e8s d&rsquo;AC\/DC, que vous profitiez d&rsquo;un concert de rock, ou que vous vous d\u00e9tendiez simplement avec votre boisson pr\u00e9f\u00e9r\u00e9e, affirmez vous et laissez la musique vous emporter dans un voyage dans le temps, vers l&rsquo;\u00e2ge d&rsquo;or [&hellip;]<\/p>\n","protected":false},"featured_media":336439,"comment_status":"open","ping_status":"closed","template":"","meta":[],"product_cat":[39,66],"product_tag":[],"aioseo_notices":[],"jetpack_sharing_enabled":true,"_links":{"self":[{"href":"https:\/\/pop-co.fr\/index.php\/wp-json\/wp\/v2\/product\/335695"}],"collection":[{"href":"https:\/\/pop-co.fr\/index.php\/wp-json\/wp\/v2\/product"}],"about":[{"href":"https:\/\/pop-co.fr\/index.php\/wp-json\/wp\/v2\/types\/product"}],"replies":[{"embeddable":true,"href":"https:\/\/pop-co.fr\/index.php\/wp-json\/wp\/v2\/comments?post=335695"}],"version-history":[{"count":0,"href":"https:\/\/pop-co.fr\/index.php\/wp-json\/wp\/v2\/product\/335695\/revisions"}],"wp:featuredmedia":[{"embeddable":true,"href":"https:\/\/pop-co.fr\/index.php\/wp-json\/wp\/v2\/media\/336439"}],"wp:attachment":[{"href":"https:\/\/pop-co.fr\/index.php\/wp-json\/wp\/v2\/media?parent=335695"}],"wp:term":[{"taxonomy":"product_cat","embeddable":true,"href":"https:\/\/pop-co.fr\/index.php\/wp-json\/wp\/v2\/product_cat?post=335695"},{"taxonomy":"product_tag","embeddable":true,"href":"https:\/\/pop-co.fr\/index.php\/wp-json\/wp\/v2\/product_tag?post=335695"}],"curies":[{"name":"wp","href":"https:\/\/api.w.org\/{rel}","templated":true}]}}