{"id":3365,"date":"2024-02-20T18:27:45","date_gmt":"2024-02-20T17:27:45","guid":{"rendered":"https:\/\/pop-co.fr\/index.php\/product\/pop-disney-edition-speciale-pack-4-figurines\/"},"modified":"2025-07-29T11:16:14","modified_gmt":"2025-07-29T09:16:14","slug":"pop-disney-edition-speciale-pack-4-figurines","status":"publish","type":"product","link":"https:\/\/pop-co.fr\/index.php\/product\/pop-disney-edition-speciale-pack-4-figurines\/","title":{"rendered":"POP &#8211; DISNEY &#8211; \u00c9dition sp\u00e9ciale (pack 4 figurines)"},"content":{"rendered":"<p>Issus des courts m\u00e9trages d&rsquo;animation Mickey Mouse lanc\u00e9s en 1928, ces quatre amis continuent de se r\u00e9unir pour toujours plus de magie Disney.<\/p>\n<p>Collectionnez quatre personnages embl\u00e9matiques de Disney dans ce Pack de 4 Pop ! Pack de 4 en vinyle de Funko ! Avec Mickey, Minnie, Donald et Daisy, votre collection recevra le hit de magie Disney qu&rsquo;elle m\u00e9rite !<\/p>\n<p>C\u00e9l\u00e9brez les 100 ans de merveilles de Disney dans le style Funko avec les figurines Mickey, Minnie, Donald et Daisy Pop ! en vinyle !<\/p>\n","protected":false},"excerpt":{"rendered":"<p>Issus des courts m\u00e9trages d&rsquo;animation Mickey Mouse lanc\u00e9s en 1928, ces quatre amis continuent de se r\u00e9unir pour toujours plus de magie Disney. Collectionnez quatre personnages embl\u00e9matiques de Disney dans ce Pack de 4 Pop ! Pack de 4 en vinyle de Funko ! Avec Mickey, Minnie, Donald et Daisy, votre collection recevra le hit [&hellip;]<\/p>\n","protected":false},"featured_media":356200,"comment_status":"open","ping_status":"closed","template":"","meta":[],"product_cat":[29],"product_tag":[],"aioseo_notices":[],"jetpack_sharing_enabled":true,"_links":{"self":[{"href":"https:\/\/pop-co.fr\/index.php\/wp-json\/wp\/v2\/product\/3365"}],"collection":[{"href":"https:\/\/pop-co.fr\/index.php\/wp-json\/wp\/v2\/product"}],"about":[{"href":"https:\/\/pop-co.fr\/index.php\/wp-json\/wp\/v2\/types\/product"}],"replies":[{"embeddable":true,"href":"https:\/\/pop-co.fr\/index.php\/wp-json\/wp\/v2\/comments?post=3365"}],"version-history":[{"count":0,"href":"https:\/\/pop-co.fr\/index.php\/wp-json\/wp\/v2\/product\/3365\/revisions"}],"wp:featuredmedia":[{"embeddable":true,"href":"https:\/\/pop-co.fr\/index.php\/wp-json\/wp\/v2\/media\/356200"}],"wp:attachment":[{"href":"https:\/\/pop-co.fr\/index.php\/wp-json\/wp\/v2\/media?parent=3365"}],"wp:term":[{"taxonomy":"product_cat","embeddable":true,"href":"https:\/\/pop-co.fr\/index.php\/wp-json\/wp\/v2\/product_cat?post=3365"},{"taxonomy":"product_tag","embeddable":true,"href":"https:\/\/pop-co.fr\/index.php\/wp-json\/wp\/v2\/product_tag?post=3365"}],"curies":[{"name":"wp","href":"https:\/\/api.w.org\/{rel}","templated":true}]}}