{"id":340966,"date":"2025-04-26T10:16:03","date_gmt":"2025-04-26T08:16:03","guid":{"rendered":"https:\/\/pop-co.fr\/index.php\/product\/hello-kitty-cinnamoroll-shopping-bag-3\/"},"modified":"2025-06-28T11:53:26","modified_gmt":"2025-06-28T09:53:26","slug":"hello-kitty-cinnamoroll-shopping-bag-3","status":"publish","type":"product","link":"https:\/\/pop-co.fr\/index.php\/product\/hello-kitty-cinnamoroll-shopping-bag-3\/","title":{"rendered":"SAC SHOPPING &#8211; SANRIO &#8211; Cinnamoroll"},"content":{"rendered":"<p>D\u00e9couvrez notre derni\u00e8re nouveaut\u00e9 : le \u00ab sac de shopping r\u00e9utilisable \u00bb.<br \/>\nIl ne s&rsquo;agit pas de n&rsquo;importe quel sac, mais d&rsquo;une solution durable et r\u00e9utilisable pour les fans, con\u00e7ue pour arborer avec style leurs licences pr\u00e9f\u00e9r\u00e9es de la culture pop.<\/p>\n<p>ROBUSTES ET SPACIEUX<br \/>\nDimensions : Avec une largeur g\u00e9n\u00e9reuse de 440 mm, une hauteur de 330 mm et une profondeur de 160 mm, ces sacs offrent suffisamment d&rsquo;espace pour tous vos achats, ce qui les rend parfaits pour un usage quotidien.<br \/>\nMat\u00e9riau : Fabriqu\u00e9s en polypropyl\u00e8ne lamin\u00e9 \u00e0 100 %, nos sacs fourre-tout r\u00e9utilisables sont con\u00e7us pour durer. Ils favorisent les habitudes d&rsquo;achat respectueuses de l&rsquo;environnement sans sacrifier la solidit\u00e9.<\/p>\n<p>CON\u00c7US POUR LA COMMODIT\u00c9<br \/>\nCapacit\u00e9 de poids : Afin de pr\u00e9server la durabilit\u00e9 et la facilit\u00e9 d&rsquo;utilisation, ces sacs sont con\u00e7us pour supporter jusqu&rsquo;\u00e0 15 kg, ce qui est id\u00e9al pour transporter des courses, des livres ou des marchandises de votre groupe pr\u00e9f\u00e9r\u00e9.<br \/>\nChaque sac pr\u00e9sente des motifs vibrants issus de licences populaires de la culture pop, parfaits pour les fans qui souhaitent exprimer leurs passions lors de leurs d\u00e9placements.<\/p>\n","protected":false},"excerpt":{"rendered":"<p>D\u00e9couvrez notre derni\u00e8re nouveaut\u00e9 : le \u00ab sac de shopping r\u00e9utilisable \u00bb. Il ne s&rsquo;agit pas de n&rsquo;importe quel sac, mais d&rsquo;une solution durable et r\u00e9utilisable pour les fans, con\u00e7ue pour arborer avec style leurs licences pr\u00e9f\u00e9r\u00e9es de la culture pop. ROBUSTES ET SPACIEUX Dimensions : Avec une largeur g\u00e9n\u00e9reuse de 440 mm, une hauteur [&hellip;]<\/p>\n","protected":false},"featured_media":340973,"comment_status":"open","ping_status":"closed","template":"","meta":[],"product_cat":[47,70],"product_tag":[],"aioseo_notices":[],"jetpack_sharing_enabled":true,"_links":{"self":[{"href":"https:\/\/pop-co.fr\/index.php\/wp-json\/wp\/v2\/product\/340966"}],"collection":[{"href":"https:\/\/pop-co.fr\/index.php\/wp-json\/wp\/v2\/product"}],"about":[{"href":"https:\/\/pop-co.fr\/index.php\/wp-json\/wp\/v2\/types\/product"}],"replies":[{"embeddable":true,"href":"https:\/\/pop-co.fr\/index.php\/wp-json\/wp\/v2\/comments?post=340966"}],"version-history":[{"count":0,"href":"https:\/\/pop-co.fr\/index.php\/wp-json\/wp\/v2\/product\/340966\/revisions"}],"wp:featuredmedia":[{"embeddable":true,"href":"https:\/\/pop-co.fr\/index.php\/wp-json\/wp\/v2\/media\/340973"}],"wp:attachment":[{"href":"https:\/\/pop-co.fr\/index.php\/wp-json\/wp\/v2\/media?parent=340966"}],"wp:term":[{"taxonomy":"product_cat","embeddable":true,"href":"https:\/\/pop-co.fr\/index.php\/wp-json\/wp\/v2\/product_cat?post=340966"},{"taxonomy":"product_tag","embeddable":true,"href":"https:\/\/pop-co.fr\/index.php\/wp-json\/wp\/v2\/product_tag?post=340966"}],"curies":[{"name":"wp","href":"https:\/\/api.w.org\/{rel}","templated":true}]}}