{"id":341234,"date":"2025-04-29T11:52:56","date_gmt":"2025-04-29T09:52:56","guid":{"rendered":"https:\/\/pop-co.fr\/index.php\/product\/bol-3d-one-piece-chapeau-de-paille-2\/"},"modified":"2025-09-12T17:23:44","modified_gmt":"2025-09-12T15:23:44","slug":"bol-3d-one-piece-chapeau-de-paille-2","status":"publish","type":"product","link":"https:\/\/pop-co.fr\/index.php\/product\/bol-3d-one-piece-chapeau-de-paille-2\/","title":{"rendered":"BOL 3D &#8211; ONE PIECE &#8211; Chapeau de paille"},"content":{"rendered":"<p>Le tr\u00e9sor le plus pr\u00e9cieux de votre pirate pr\u00e9f\u00e9r\u00e9 d\u00e9barque chez vous ! Profitez du c\u00e9l\u00e8bre chapeau de paille de Luffy pour vos ap\u00e9ritifs dinatoires ou vos soir\u00e9es films remplies de sucreries ! Invitez votre \u00e9quipage et tirez profit de ce magnifique Bol et soucoupe One Piece par ABYstyle !<br \/>\n&#8211; Contenance : 250ml<br \/>\n&#8211; Contient une soucoupe<br \/>\n&#8211; Ne passe pas au micro-ondes ou au lave-vaisselle<br \/>\n&#8211; Mati\u00e8re : porcelaine<\/p>\n","protected":false},"excerpt":{"rendered":"<p>Le tr\u00e9sor le plus pr\u00e9cieux de votre pirate pr\u00e9f\u00e9r\u00e9 d\u00e9barque chez vous ! Profitez du c\u00e9l\u00e8bre chapeau de paille de Luffy pour vos ap\u00e9ritifs dinatoires ou vos soir\u00e9es films remplies de sucreries ! Invitez votre \u00e9quipage et tirez profit de ce magnifique Bol et soucoupe One Piece par ABYstyle ! &#8211; Contenance : 250ml &#8211; [&hellip;]<\/p>\n","protected":false},"featured_media":358408,"comment_status":"open","ping_status":"closed","template":"","meta":[],"product_cat":[17,22],"product_tag":[],"aioseo_notices":[],"jetpack_sharing_enabled":true,"_links":{"self":[{"href":"https:\/\/pop-co.fr\/index.php\/wp-json\/wp\/v2\/product\/341234"}],"collection":[{"href":"https:\/\/pop-co.fr\/index.php\/wp-json\/wp\/v2\/product"}],"about":[{"href":"https:\/\/pop-co.fr\/index.php\/wp-json\/wp\/v2\/types\/product"}],"replies":[{"embeddable":true,"href":"https:\/\/pop-co.fr\/index.php\/wp-json\/wp\/v2\/comments?post=341234"}],"version-history":[{"count":0,"href":"https:\/\/pop-co.fr\/index.php\/wp-json\/wp\/v2\/product\/341234\/revisions"}],"wp:featuredmedia":[{"embeddable":true,"href":"https:\/\/pop-co.fr\/index.php\/wp-json\/wp\/v2\/media\/358408"}],"wp:attachment":[{"href":"https:\/\/pop-co.fr\/index.php\/wp-json\/wp\/v2\/media?parent=341234"}],"wp:term":[{"taxonomy":"product_cat","embeddable":true,"href":"https:\/\/pop-co.fr\/index.php\/wp-json\/wp\/v2\/product_cat?post=341234"},{"taxonomy":"product_tag","embeddable":true,"href":"https:\/\/pop-co.fr\/index.php\/wp-json\/wp\/v2\/product_tag?post=341234"}],"curies":[{"name":"wp","href":"https:\/\/api.w.org\/{rel}","templated":true}]}}