{"id":341700,"date":"2025-04-29T18:20:39","date_gmt":"2025-04-29T16:20:39","guid":{"rendered":"https:\/\/pop-co.fr\/index.php\/product\/mug-3d-disney-stitch-hawaien\/"},"modified":"2025-06-28T11:43:23","modified_gmt":"2025-06-28T09:43:23","slug":"mug-3d-disney-stitch-hawaien","status":"publish","type":"product","link":"https:\/\/pop-co.fr\/index.php\/product\/mug-3d-disney-stitch-hawaien\/","title":{"rendered":"MUG 3D &#8211; DISNEY &#8211; Stitch Hawa\u00efen"},"content":{"rendered":"<p>Aloha ! Adoptez Stitch et accueillez le dans votre \u00ab Ohana \u00bb avec ce mug 3D Disney par ABYstyle ! Surtout n\u2019oubliez pas, \u00ab Ohana \u00bb signifie famille, famille signifie que personne ne doit \u00eatre abandonn\u00e9, ni oubli\u00e9.<br \/>\n&#8211; Contenance : 460 ml.<br \/>\n&#8211; Mati\u00e8re : c\u00e9ramique.<br \/>\n&#8211; Ne passe pas au micro-ondes ou au lave-vaisselle.<br \/>\n&#8211; Packaging : bo\u00eete ferm\u00e9e en carton, int\u00e9rieur en polystyr\u00e8ne permettant de prot\u00e9ger le mug.<\/p>\n","protected":false},"excerpt":{"rendered":"<p>Aloha ! Adoptez Stitch et accueillez le dans votre \u00ab Ohana \u00bb avec ce mug 3D Disney par ABYstyle ! Surtout n\u2019oubliez pas, \u00ab Ohana \u00bb signifie famille, famille signifie que personne ne doit \u00eatre abandonn\u00e9, ni oubli\u00e9. &#8211; Contenance : 460 ml. &#8211; Mati\u00e8re : c\u00e9ramique. &#8211; Ne passe pas au micro-ondes ou au [&hellip;]<\/p>\n","protected":false},"featured_media":352153,"comment_status":"open","ping_status":"closed","template":"","meta":[],"product_cat":[29,30],"product_tag":[],"aioseo_notices":[],"jetpack_sharing_enabled":true,"_links":{"self":[{"href":"https:\/\/pop-co.fr\/index.php\/wp-json\/wp\/v2\/product\/341700"}],"collection":[{"href":"https:\/\/pop-co.fr\/index.php\/wp-json\/wp\/v2\/product"}],"about":[{"href":"https:\/\/pop-co.fr\/index.php\/wp-json\/wp\/v2\/types\/product"}],"replies":[{"embeddable":true,"href":"https:\/\/pop-co.fr\/index.php\/wp-json\/wp\/v2\/comments?post=341700"}],"version-history":[{"count":0,"href":"https:\/\/pop-co.fr\/index.php\/wp-json\/wp\/v2\/product\/341700\/revisions"}],"wp:featuredmedia":[{"embeddable":true,"href":"https:\/\/pop-co.fr\/index.php\/wp-json\/wp\/v2\/media\/352153"}],"wp:attachment":[{"href":"https:\/\/pop-co.fr\/index.php\/wp-json\/wp\/v2\/media?parent=341700"}],"wp:term":[{"taxonomy":"product_cat","embeddable":true,"href":"https:\/\/pop-co.fr\/index.php\/wp-json\/wp\/v2\/product_cat?post=341700"},{"taxonomy":"product_tag","embeddable":true,"href":"https:\/\/pop-co.fr\/index.php\/wp-json\/wp\/v2\/product_tag?post=341700"}],"curies":[{"name":"wp","href":"https:\/\/api.w.org\/{rel}","templated":true}]}}