{"id":341705,"date":"2025-04-29T18:20:51","date_gmt":"2025-04-29T16:20:51","guid":{"rendered":"https:\/\/pop-co.fr\/index.php\/product\/mug-thermoreactif-sailor-moon-personnages\/"},"modified":"2025-06-28T11:43:22","modified_gmt":"2025-06-28T09:43:22","slug":"mug-thermoreactif-sailor-moon-personnages","status":"publish","type":"product","link":"https:\/\/pop-co.fr\/index.php\/product\/mug-thermoreactif-sailor-moon-personnages\/","title":{"rendered":"MUG THERMOREACTIF &#8211; SAILOR MOON &#8211; Personnages"},"content":{"rendered":"<p>Sailor Moon peut compter sur les autres Sailor Guerri\u00e8res, sur l&rsquo;homme masqu\u00e9 et sur les chats gardiens pour l&rsquo;aider dans son combat pour la paix et la justice sur ce mug thermo-r\u00e9actif par ABYstyle. <\/p>\n<p>Caract\u00e9ristiques :<br \/>\n&#8211; Change d&rsquo;aspect lorsque vous versez un liquide chaud.<br \/>\n&#8211; Grande contenance (460 ml).<br \/>\n&#8211; Ne passe pas au micro-ondes ou au lave-vaisselle<br \/>\n&#8211; Mati\u00e8re c\u00e9ramique.<br \/>\n&#8211; Packaging : bo\u00eete cartonn\u00e9e permettant de prot\u00e9ger le mug tout en assurant une visibilit\u00e9 \u00e0 360\u00b0.<\/p>\n","protected":false},"excerpt":{"rendered":"<p>Sailor Moon peut compter sur les autres Sailor Guerri\u00e8res, sur l&rsquo;homme masqu\u00e9 et sur les chats gardiens pour l&rsquo;aider dans son combat pour la paix et la justice sur ce mug thermo-r\u00e9actif par ABYstyle. Caract\u00e9ristiques : &#8211; Change d&rsquo;aspect lorsque vous versez un liquide chaud. &#8211; Grande contenance (460 ml). &#8211; Ne passe pas au [&hellip;]<\/p>\n","protected":false},"featured_media":352157,"comment_status":"open","ping_status":"closed","template":"","meta":[],"product_cat":[17,69],"product_tag":[],"aioseo_notices":[],"jetpack_sharing_enabled":true,"_links":{"self":[{"href":"https:\/\/pop-co.fr\/index.php\/wp-json\/wp\/v2\/product\/341705"}],"collection":[{"href":"https:\/\/pop-co.fr\/index.php\/wp-json\/wp\/v2\/product"}],"about":[{"href":"https:\/\/pop-co.fr\/index.php\/wp-json\/wp\/v2\/types\/product"}],"replies":[{"embeddable":true,"href":"https:\/\/pop-co.fr\/index.php\/wp-json\/wp\/v2\/comments?post=341705"}],"version-history":[{"count":0,"href":"https:\/\/pop-co.fr\/index.php\/wp-json\/wp\/v2\/product\/341705\/revisions"}],"wp:featuredmedia":[{"embeddable":true,"href":"https:\/\/pop-co.fr\/index.php\/wp-json\/wp\/v2\/media\/352157"}],"wp:attachment":[{"href":"https:\/\/pop-co.fr\/index.php\/wp-json\/wp\/v2\/media?parent=341705"}],"wp:term":[{"taxonomy":"product_cat","embeddable":true,"href":"https:\/\/pop-co.fr\/index.php\/wp-json\/wp\/v2\/product_cat?post=341705"},{"taxonomy":"product_tag","embeddable":true,"href":"https:\/\/pop-co.fr\/index.php\/wp-json\/wp\/v2\/product_tag?post=341705"}],"curies":[{"name":"wp","href":"https:\/\/api.w.org\/{rel}","templated":true}]}}