{"id":341718,"date":"2025-04-29T18:21:20","date_gmt":"2025-04-29T16:21:20","guid":{"rendered":"https:\/\/pop-co.fr\/index.php\/product\/theiere-disney-set-avec-tasses-clochette\/"},"modified":"2025-06-28T11:43:21","modified_gmt":"2025-06-28T09:43:21","slug":"theiere-disney-set-avec-tasses-clochette","status":"publish","type":"product","link":"https:\/\/pop-co.fr\/index.php\/product\/theiere-disney-set-avec-tasses-clochette\/","title":{"rendered":"THEIERE &#8211; DISNEY &#8211; Set avec tasses clochette"},"content":{"rendered":"<p>M\u00eame si Peter Pan n&rsquo;est pas venu vous chercher pour vous emmener au Pays Imaginaire, vous pouvez toujours en retrouver l&rsquo;ambiance avec ce set th\u00e9i\u00e8re et 2 tasses Peter Pan par ABYstyle aux couleurs de la f\u00e9\u00e9 clochette ! Fidelle amie des enfants perdus et aide pr\u00e9cieuse, elle aussi peut prendre du bon temps autour d&rsquo;une tasse de th\u00e9.<br \/>\n&#8211; Contenance th\u00e9i\u00e8re : 1200 ml<br \/>\n&#8211; Contenance tasses : 200 ml<br \/>\n&#8211; Finition : Mat<br \/>\n&#8211; Mati\u00e8re : c\u00e9ramique<br \/>\n&#8211; Ne passe pas au micro-ondes ou au lave-vaisselle<\/p>\n","protected":false},"excerpt":{"rendered":"<p>M\u00eame si Peter Pan n&rsquo;est pas venu vous chercher pour vous emmener au Pays Imaginaire, vous pouvez toujours en retrouver l&rsquo;ambiance avec ce set th\u00e9i\u00e8re et 2 tasses Peter Pan par ABYstyle aux couleurs de la f\u00e9\u00e9 clochette ! Fidelle amie des enfants perdus et aide pr\u00e9cieuse, elle aussi peut prendre du bon temps autour [&hellip;]<\/p>\n","protected":false},"featured_media":352168,"comment_status":"open","ping_status":"closed","template":"","meta":[],"product_cat":[29],"product_tag":[],"aioseo_notices":[],"jetpack_sharing_enabled":true,"_links":{"self":[{"href":"https:\/\/pop-co.fr\/index.php\/wp-json\/wp\/v2\/product\/341718"}],"collection":[{"href":"https:\/\/pop-co.fr\/index.php\/wp-json\/wp\/v2\/product"}],"about":[{"href":"https:\/\/pop-co.fr\/index.php\/wp-json\/wp\/v2\/types\/product"}],"replies":[{"embeddable":true,"href":"https:\/\/pop-co.fr\/index.php\/wp-json\/wp\/v2\/comments?post=341718"}],"version-history":[{"count":0,"href":"https:\/\/pop-co.fr\/index.php\/wp-json\/wp\/v2\/product\/341718\/revisions"}],"wp:featuredmedia":[{"embeddable":true,"href":"https:\/\/pop-co.fr\/index.php\/wp-json\/wp\/v2\/media\/352168"}],"wp:attachment":[{"href":"https:\/\/pop-co.fr\/index.php\/wp-json\/wp\/v2\/media?parent=341718"}],"wp:term":[{"taxonomy":"product_cat","embeddable":true,"href":"https:\/\/pop-co.fr\/index.php\/wp-json\/wp\/v2\/product_cat?post=341718"},{"taxonomy":"product_tag","embeddable":true,"href":"https:\/\/pop-co.fr\/index.php\/wp-json\/wp\/v2\/product_tag?post=341718"}],"curies":[{"name":"wp","href":"https:\/\/api.w.org\/{rel}","templated":true}]}}