{"id":342005,"date":"2025-04-30T15:05:45","date_gmt":"2025-04-30T13:05:45","guid":{"rendered":"https:\/\/pop-co.fr\/index.php\/product\/pocky-snack-stick-matcha-green-tea\/"},"modified":"2025-09-06T09:58:24","modified_gmt":"2025-09-06T07:58:24","slug":"pocky-snack-stick-matcha-green-tea","status":"publish","type":"product","link":"https:\/\/pop-co.fr\/index.php\/product\/pocky-snack-stick-matcha-green-tea\/","title":{"rendered":"POCKY &#8211; SNACK &#8211; Stick matcha green tea"},"content":{"rendered":"<p>Ingr\u00e9dient: Farine de Bl\u00e9 40%, Sucre 21%, Huile de Palme 18%, Cacao<br \/>\nen poudre 6%, Lait entier en poudre 9%, Lactose 9% Graisse de<br \/>\nCuisson 2%, th\u00e9 vert en poudre poudre 1%, \u00e9paississant E1404,<br \/>\n\u00e9mulsifiant (Lecithine de Soja E322), colorant e160aii et E133,<br \/>\npoudre \u00e0 Lever E500, R\u00e9gulateur d&rsquo;Acidit\u00e9 E524, Stabilisant E1101.<\/p>\n<p>Contient: bl\u00e9, soja, lait<\/p>\n","protected":false},"excerpt":{"rendered":"<p>Ingr\u00e9dient: Farine de Bl\u00e9 40%, Sucre 21%, Huile de Palme 18%, Cacao en poudre 6%, Lait entier en poudre 9%, Lactose 9% Graisse de Cuisson 2%, th\u00e9 vert en poudre poudre 1%, \u00e9paississant E1404, \u00e9mulsifiant (Lecithine de Soja E322), colorant e160aii et E133, poudre \u00e0 Lever E500, R\u00e9gulateur d&rsquo;Acidit\u00e9 E524, Stabilisant E1101. Contient: bl\u00e9, soja, [&hellip;]<\/p>\n","protected":false},"featured_media":358232,"comment_status":"open","ping_status":"closed","template":"","meta":[],"product_cat":[77],"product_tag":[],"aioseo_notices":[],"jetpack_sharing_enabled":true,"_links":{"self":[{"href":"https:\/\/pop-co.fr\/index.php\/wp-json\/wp\/v2\/product\/342005"}],"collection":[{"href":"https:\/\/pop-co.fr\/index.php\/wp-json\/wp\/v2\/product"}],"about":[{"href":"https:\/\/pop-co.fr\/index.php\/wp-json\/wp\/v2\/types\/product"}],"replies":[{"embeddable":true,"href":"https:\/\/pop-co.fr\/index.php\/wp-json\/wp\/v2\/comments?post=342005"}],"version-history":[{"count":0,"href":"https:\/\/pop-co.fr\/index.php\/wp-json\/wp\/v2\/product\/342005\/revisions"}],"wp:featuredmedia":[{"embeddable":true,"href":"https:\/\/pop-co.fr\/index.php\/wp-json\/wp\/v2\/media\/358232"}],"wp:attachment":[{"href":"https:\/\/pop-co.fr\/index.php\/wp-json\/wp\/v2\/media?parent=342005"}],"wp:term":[{"taxonomy":"product_cat","embeddable":true,"href":"https:\/\/pop-co.fr\/index.php\/wp-json\/wp\/v2\/product_cat?post=342005"},{"taxonomy":"product_tag","embeddable":true,"href":"https:\/\/pop-co.fr\/index.php\/wp-json\/wp\/v2\/product_tag?post=342005"}],"curies":[{"name":"wp","href":"https:\/\/api.w.org\/{rel}","templated":true}]}}