{"id":342098,"date":"2025-05-02T11:38:25","date_gmt":"2025-05-02T09:38:25","guid":{"rendered":"https:\/\/pop-co.fr\/index.php\/product\/pocky-snack-stick-cookies-and-cream\/"},"modified":"2025-08-13T15:43:59","modified_gmt":"2025-08-13T13:43:59","slug":"pocky-snack-stick-cookies-and-cream","status":"publish","type":"product","link":"https:\/\/pop-co.fr\/index.php\/product\/pocky-snack-stick-cookies-and-cream\/","title":{"rendered":"POCKY &#8211; SNACK &#8211; Stick cookies and cream"},"content":{"rendered":"<p>Ingr\u00e9dients: farine de bl\u00e9 35%, sucre, huile de palme, lactose, lait<br \/>\nen poudre, graisse de cuisson, poudre de cacao, \u00e9paississant E1420,<br \/>\n\u00e9mulsifiant E322(i), agent levant E500(ii), r\u00e9gulateur d&rsquo;acidit\u00e9,<br \/>\nE524, stabilisant E1101(ii).<\/p>\n<p>Contient: bl\u00e9, soja, lait.<\/p>\n","protected":false},"excerpt":{"rendered":"<p>Ingr\u00e9dients: farine de bl\u00e9 35%, sucre, huile de palme, lactose, lait en poudre, graisse de cuisson, poudre de cacao, \u00e9paississant E1420, \u00e9mulsifiant E322(i), agent levant E500(ii), r\u00e9gulateur d&rsquo;acidit\u00e9, E524, stabilisant E1101(ii). Contient: bl\u00e9, soja, lait.<\/p>\n","protected":false},"featured_media":357284,"comment_status":"open","ping_status":"closed","template":"","meta":[],"product_cat":[77],"product_tag":[],"aioseo_notices":[],"jetpack_sharing_enabled":true,"_links":{"self":[{"href":"https:\/\/pop-co.fr\/index.php\/wp-json\/wp\/v2\/product\/342098"}],"collection":[{"href":"https:\/\/pop-co.fr\/index.php\/wp-json\/wp\/v2\/product"}],"about":[{"href":"https:\/\/pop-co.fr\/index.php\/wp-json\/wp\/v2\/types\/product"}],"replies":[{"embeddable":true,"href":"https:\/\/pop-co.fr\/index.php\/wp-json\/wp\/v2\/comments?post=342098"}],"version-history":[{"count":0,"href":"https:\/\/pop-co.fr\/index.php\/wp-json\/wp\/v2\/product\/342098\/revisions"}],"wp:featuredmedia":[{"embeddable":true,"href":"https:\/\/pop-co.fr\/index.php\/wp-json\/wp\/v2\/media\/357284"}],"wp:attachment":[{"href":"https:\/\/pop-co.fr\/index.php\/wp-json\/wp\/v2\/media?parent=342098"}],"wp:term":[{"taxonomy":"product_cat","embeddable":true,"href":"https:\/\/pop-co.fr\/index.php\/wp-json\/wp\/v2\/product_cat?post=342098"},{"taxonomy":"product_tag","embeddable":true,"href":"https:\/\/pop-co.fr\/index.php\/wp-json\/wp\/v2\/product_tag?post=342098"}],"curies":[{"name":"wp","href":"https:\/\/api.w.org\/{rel}","templated":true}]}}