{"id":342318,"date":"2025-05-02T12:24:26","date_gmt":"2025-05-02T10:24:26","guid":{"rendered":"https:\/\/pop-co.fr\/index.php\/product\/ramune-snack-sakura-20cl\/"},"modified":"2025-08-27T10:39:39","modified_gmt":"2025-08-27T08:39:39","slug":"ramune-snack-sakura-20cl","status":"publish","type":"product","link":"https:\/\/pop-co.fr\/index.php\/product\/ramune-snack-sakura-20cl\/","title":{"rendered":"RAMUNE &#8211; SNACK &#8211; Sakura 20cl"},"content":{"rendered":"<p>La c\u00e9l\u00e8bre limonade japonaise RAMUNE \u00e9dition Sakura saveur fleur de cerisier<\/p>\n<p>Ingr\u00e9dients : eau 87 %, sirop de mais \u00e0 haute teneur en fructose, acidifiants , correcteurs d&rsquo;acidit\u00e9 E290, acidifiants E330, ar\u00f4me, colorant E129.<\/p>\n","protected":false},"excerpt":{"rendered":"<p>La c\u00e9l\u00e8bre limonade japonaise RAMUNE \u00e9dition Sakura saveur fleur de cerisier Ingr\u00e9dients : eau 87 %, sirop de mais \u00e0 haute teneur en fructose, acidifiants , correcteurs d&rsquo;acidit\u00e9 E290, acidifiants E330, ar\u00f4me, colorant E129.<\/p>\n","protected":false},"featured_media":357832,"comment_status":"open","ping_status":"closed","template":"","meta":[],"product_cat":[77],"product_tag":[],"aioseo_notices":[],"jetpack_sharing_enabled":true,"_links":{"self":[{"href":"https:\/\/pop-co.fr\/index.php\/wp-json\/wp\/v2\/product\/342318"}],"collection":[{"href":"https:\/\/pop-co.fr\/index.php\/wp-json\/wp\/v2\/product"}],"about":[{"href":"https:\/\/pop-co.fr\/index.php\/wp-json\/wp\/v2\/types\/product"}],"replies":[{"embeddable":true,"href":"https:\/\/pop-co.fr\/index.php\/wp-json\/wp\/v2\/comments?post=342318"}],"version-history":[{"count":0,"href":"https:\/\/pop-co.fr\/index.php\/wp-json\/wp\/v2\/product\/342318\/revisions"}],"wp:featuredmedia":[{"embeddable":true,"href":"https:\/\/pop-co.fr\/index.php\/wp-json\/wp\/v2\/media\/357832"}],"wp:attachment":[{"href":"https:\/\/pop-co.fr\/index.php\/wp-json\/wp\/v2\/media?parent=342318"}],"wp:term":[{"taxonomy":"product_cat","embeddable":true,"href":"https:\/\/pop-co.fr\/index.php\/wp-json\/wp\/v2\/product_cat?post=342318"},{"taxonomy":"product_tag","embeddable":true,"href":"https:\/\/pop-co.fr\/index.php\/wp-json\/wp\/v2\/product_tag?post=342318"}],"curies":[{"name":"wp","href":"https:\/\/api.w.org\/{rel}","templated":true}]}}