{"id":3431,"date":"2024-02-20T18:28:58","date_gmt":"2024-02-20T17:28:58","guid":{"rendered":"https:\/\/pop-co.fr\/index.php\/product\/mha-wall-art-heros-et-villains-figurine-mystere-2\/"},"modified":"2025-07-29T11:16:10","modified_gmt":"2025-07-29T09:16:10","slug":"mha-wall-art-heros-et-villains-figurine-mystere-2","status":"publish","type":"product","link":"https:\/\/pop-co.fr\/index.php\/product\/mha-wall-art-heros-et-villains-figurine-mystere-2\/","title":{"rendered":"MHA &#8211; Wall art h\u00e9ros et vilains &#8211; Figurine myst\u00e8re rement"},"content":{"rendered":"<p>*ATTENTION PRODUIT AL\u00c9ATOIRE NE POUVANT \u00caTRE RETOURN\u00c9*<\/p>\n<p>X1 Figurine PVC taille 5-7 cm, en emballage bo\u00eete-myst\u00e8re.<\/p>\n","protected":false},"excerpt":{"rendered":"<p>*ATTENTION PRODUIT AL\u00c9ATOIRE NE POUVANT \u00caTRE RETOURN\u00c9* X1 Figurine PVC taille 5-7 cm, en emballage bo\u00eete-myst\u00e8re.<\/p>\n","protected":false},"featured_media":356192,"comment_status":"open","ping_status":"closed","template":"","meta":[],"product_cat":[17,26],"product_tag":[],"aioseo_notices":[],"jetpack_sharing_enabled":true,"_links":{"self":[{"href":"https:\/\/pop-co.fr\/index.php\/wp-json\/wp\/v2\/product\/3431"}],"collection":[{"href":"https:\/\/pop-co.fr\/index.php\/wp-json\/wp\/v2\/product"}],"about":[{"href":"https:\/\/pop-co.fr\/index.php\/wp-json\/wp\/v2\/types\/product"}],"replies":[{"embeddable":true,"href":"https:\/\/pop-co.fr\/index.php\/wp-json\/wp\/v2\/comments?post=3431"}],"version-history":[{"count":0,"href":"https:\/\/pop-co.fr\/index.php\/wp-json\/wp\/v2\/product\/3431\/revisions"}],"wp:featuredmedia":[{"embeddable":true,"href":"https:\/\/pop-co.fr\/index.php\/wp-json\/wp\/v2\/media\/356192"}],"wp:attachment":[{"href":"https:\/\/pop-co.fr\/index.php\/wp-json\/wp\/v2\/media?parent=3431"}],"wp:term":[{"taxonomy":"product_cat","embeddable":true,"href":"https:\/\/pop-co.fr\/index.php\/wp-json\/wp\/v2\/product_cat?post=3431"},{"taxonomy":"product_tag","embeddable":true,"href":"https:\/\/pop-co.fr\/index.php\/wp-json\/wp\/v2\/product_tag?post=3431"}],"curies":[{"name":"wp","href":"https:\/\/api.w.org\/{rel}","templated":true}]}}