{"id":343416,"date":"2025-05-02T16:27:51","date_gmt":"2025-05-02T14:27:51","guid":{"rendered":"https:\/\/pop-co.fr\/index.php\/product\/trousse-triple-one-piece-luffy-gear-five\/"},"modified":"2025-09-13T12:20:28","modified_gmt":"2025-09-13T10:20:28","slug":"trousse-triple-one-piece-luffy-gear-five","status":"publish","type":"product","link":"https:\/\/pop-co.fr\/index.php\/product\/trousse-triple-one-piece-luffy-gear-five\/","title":{"rendered":"TROUSSE TRIPLE &#8211; ONE PIECE &#8211; Luffy gear five"},"content":{"rendered":"<p>Mallette de transport \u00e0 trois compartiments pour vos affaires, r\u00e9alis\u00e9e en mat\u00e9riau haute r\u00e9sistance (Ripstop). Corps hydrofuge qui r\u00e9siste aux taches l\u00e9g\u00e8res. Les deux poches ext\u00e9rieures s&rsquo;ouvrent par une fermeture \u00e9clair principale et la troisi\u00e8me poche s&rsquo;ouvre par une autre fermeture \u00e9clair ind\u00e9pendante \u00e0 l&rsquo;int\u00e9rieur.<br \/>\nComposition : Polyester ind\u00e9chirable<\/p>\n","protected":false},"excerpt":{"rendered":"<p>Mallette de transport \u00e0 trois compartiments pour vos affaires, r\u00e9alis\u00e9e en mat\u00e9riau haute r\u00e9sistance (Ripstop). Corps hydrofuge qui r\u00e9siste aux taches l\u00e9g\u00e8res. Les deux poches ext\u00e9rieures s&rsquo;ouvrent par une fermeture \u00e9clair principale et la troisi\u00e8me poche s&rsquo;ouvre par une autre fermeture \u00e9clair ind\u00e9pendante \u00e0 l&rsquo;int\u00e9rieur. Composition : Polyester ind\u00e9chirable<\/p>\n","protected":false},"featured_media":358430,"comment_status":"open","ping_status":"closed","template":"","meta":[],"product_cat":[17,22],"product_tag":[],"aioseo_notices":[],"jetpack_sharing_enabled":true,"_links":{"self":[{"href":"https:\/\/pop-co.fr\/index.php\/wp-json\/wp\/v2\/product\/343416"}],"collection":[{"href":"https:\/\/pop-co.fr\/index.php\/wp-json\/wp\/v2\/product"}],"about":[{"href":"https:\/\/pop-co.fr\/index.php\/wp-json\/wp\/v2\/types\/product"}],"replies":[{"embeddable":true,"href":"https:\/\/pop-co.fr\/index.php\/wp-json\/wp\/v2\/comments?post=343416"}],"version-history":[{"count":0,"href":"https:\/\/pop-co.fr\/index.php\/wp-json\/wp\/v2\/product\/343416\/revisions"}],"wp:featuredmedia":[{"embeddable":true,"href":"https:\/\/pop-co.fr\/index.php\/wp-json\/wp\/v2\/media\/358430"}],"wp:attachment":[{"href":"https:\/\/pop-co.fr\/index.php\/wp-json\/wp\/v2\/media?parent=343416"}],"wp:term":[{"taxonomy":"product_cat","embeddable":true,"href":"https:\/\/pop-co.fr\/index.php\/wp-json\/wp\/v2\/product_cat?post=343416"},{"taxonomy":"product_tag","embeddable":true,"href":"https:\/\/pop-co.fr\/index.php\/wp-json\/wp\/v2\/product_tag?post=343416"}],"curies":[{"name":"wp","href":"https:\/\/api.w.org\/{rel}","templated":true}]}}