{"id":343419,"date":"2025-05-02T16:27:58","date_gmt":"2025-05-02T14:27:58","guid":{"rendered":"https:\/\/pop-co.fr\/index.php\/product\/sac-banane-dragon-ball-goku\/"},"modified":"2025-06-28T11:44:19","modified_gmt":"2025-06-28T09:44:19","slug":"sac-banane-dragon-ball-goku","status":"publish","type":"product","link":"https:\/\/pop-co.fr\/index.php\/product\/sac-banane-dragon-ball-goku\/","title":{"rendered":"SAC BANANE &#8211; DRAGON BALL &#8211; Goku"},"content":{"rendered":"<p>Sac banane avec compartiment principal unique, poche avant et poche de s\u00e9curit\u00e9 \u00e0 l&rsquo;arri\u00e8re, le tout avec fermeture \u00e9clair. Doublure int\u00e9rieure et sangle de taille r\u00e9glable. Rembourr\u00e9 au dos.<br \/>\nDimensions : 10 x 32 x 16 cm<\/p>\n","protected":false},"excerpt":{"rendered":"<p>Sac banane avec compartiment principal unique, poche avant et poche de s\u00e9curit\u00e9 \u00e0 l&rsquo;arri\u00e8re, le tout avec fermeture \u00e9clair. Doublure int\u00e9rieure et sangle de taille r\u00e9glable. Rembourr\u00e9 au dos. Dimensions : 10 x 32 x 16 cm<\/p>\n","protected":false},"featured_media":343827,"comment_status":"open","ping_status":"closed","template":"","meta":[],"product_cat":[17,23],"product_tag":[],"aioseo_notices":[],"jetpack_sharing_enabled":true,"_links":{"self":[{"href":"https:\/\/pop-co.fr\/index.php\/wp-json\/wp\/v2\/product\/343419"}],"collection":[{"href":"https:\/\/pop-co.fr\/index.php\/wp-json\/wp\/v2\/product"}],"about":[{"href":"https:\/\/pop-co.fr\/index.php\/wp-json\/wp\/v2\/types\/product"}],"replies":[{"embeddable":true,"href":"https:\/\/pop-co.fr\/index.php\/wp-json\/wp\/v2\/comments?post=343419"}],"version-history":[{"count":0,"href":"https:\/\/pop-co.fr\/index.php\/wp-json\/wp\/v2\/product\/343419\/revisions"}],"wp:featuredmedia":[{"embeddable":true,"href":"https:\/\/pop-co.fr\/index.php\/wp-json\/wp\/v2\/media\/343827"}],"wp:attachment":[{"href":"https:\/\/pop-co.fr\/index.php\/wp-json\/wp\/v2\/media?parent=343419"}],"wp:term":[{"taxonomy":"product_cat","embeddable":true,"href":"https:\/\/pop-co.fr\/index.php\/wp-json\/wp\/v2\/product_cat?post=343419"},{"taxonomy":"product_tag","embeddable":true,"href":"https:\/\/pop-co.fr\/index.php\/wp-json\/wp\/v2\/product_tag?post=343419"}],"curies":[{"name":"wp","href":"https:\/\/api.w.org\/{rel}","templated":true}]}}