{"id":343425,"date":"2025-05-02T16:28:19","date_gmt":"2025-05-02T14:28:19","guid":{"rendered":"https:\/\/pop-co.fr\/index.php\/product\/portefeuille-nbx-jack-et-sally\/"},"modified":"2025-06-28T11:44:23","modified_gmt":"2025-06-28T09:44:23","slug":"portefeuille-nbx-jack-et-sally","status":"publish","type":"product","link":"https:\/\/pop-co.fr\/index.php\/product\/portefeuille-nbx-jack-et-sally\/","title":{"rendered":"PORTEFEUILLE &#8211; NBX &#8211; Jack et Sally"},"content":{"rendered":"<p>Portefeuille comprenant 12 compartiments pour cartes de cr\u00e9dit, 2 compartiments pour billets et une bourse centrale ferm\u00e9e par une fermeture \u00e9clair.<br \/>\nDimensions : 2x19x10cm<\/p>\n","protected":false},"excerpt":{"rendered":"<p>Portefeuille comprenant 12 compartiments pour cartes de cr\u00e9dit, 2 compartiments pour billets et une bourse centrale ferm\u00e9e par une fermeture \u00e9clair. Dimensions : 2x19x10cm<\/p>\n","protected":false},"featured_media":344156,"comment_status":"open","ping_status":"closed","template":"","meta":[],"product_cat":[29,31],"product_tag":[],"aioseo_notices":[],"jetpack_sharing_enabled":true,"_links":{"self":[{"href":"https:\/\/pop-co.fr\/index.php\/wp-json\/wp\/v2\/product\/343425"}],"collection":[{"href":"https:\/\/pop-co.fr\/index.php\/wp-json\/wp\/v2\/product"}],"about":[{"href":"https:\/\/pop-co.fr\/index.php\/wp-json\/wp\/v2\/types\/product"}],"replies":[{"embeddable":true,"href":"https:\/\/pop-co.fr\/index.php\/wp-json\/wp\/v2\/comments?post=343425"}],"version-history":[{"count":0,"href":"https:\/\/pop-co.fr\/index.php\/wp-json\/wp\/v2\/product\/343425\/revisions"}],"wp:featuredmedia":[{"embeddable":true,"href":"https:\/\/pop-co.fr\/index.php\/wp-json\/wp\/v2\/media\/344156"}],"wp:attachment":[{"href":"https:\/\/pop-co.fr\/index.php\/wp-json\/wp\/v2\/media?parent=343425"}],"wp:term":[{"taxonomy":"product_cat","embeddable":true,"href":"https:\/\/pop-co.fr\/index.php\/wp-json\/wp\/v2\/product_cat?post=343425"},{"taxonomy":"product_tag","embeddable":true,"href":"https:\/\/pop-co.fr\/index.php\/wp-json\/wp\/v2\/product_tag?post=343425"}],"curies":[{"name":"wp","href":"https:\/\/api.w.org\/{rel}","templated":true}]}}