{"id":343444,"date":"2025-05-02T16:29:06","date_gmt":"2025-05-02T14:29:06","guid":{"rendered":"https:\/\/pop-co.fr\/index.php\/product\/portefeuille-disney-stitch-creme\/"},"modified":"2025-06-28T11:44:36","modified_gmt":"2025-06-28T09:44:36","slug":"portefeuille-disney-stitch-creme","status":"publish","type":"product","link":"https:\/\/pop-co.fr\/index.php\/product\/portefeuille-disney-stitch-creme\/","title":{"rendered":"PORTEFEUILLE &#8211; DISNEY &#8211; Stitch (cr\u00e8me)"},"content":{"rendered":"<p>Portefeuille comprenant 12 compartiments pour cartes de cr\u00e9dit, 2 compartiments pour billets et une bourse centrale ferm\u00e9e par une fermeture \u00e9clair.<\/p>\n<p>Composition : PVC, Polyest\u00e8re<\/p>\n","protected":false},"excerpt":{"rendered":"<p>Portefeuille comprenant 12 compartiments pour cartes de cr\u00e9dit, 2 compartiments pour billets et une bourse centrale ferm\u00e9e par une fermeture \u00e9clair. Composition : PVC, Polyest\u00e8re<\/p>\n","protected":false},"featured_media":348296,"comment_status":"open","ping_status":"closed","template":"","meta":[],"product_cat":[29,30],"product_tag":[],"aioseo_notices":[],"jetpack_sharing_enabled":true,"_links":{"self":[{"href":"https:\/\/pop-co.fr\/index.php\/wp-json\/wp\/v2\/product\/343444"}],"collection":[{"href":"https:\/\/pop-co.fr\/index.php\/wp-json\/wp\/v2\/product"}],"about":[{"href":"https:\/\/pop-co.fr\/index.php\/wp-json\/wp\/v2\/types\/product"}],"replies":[{"embeddable":true,"href":"https:\/\/pop-co.fr\/index.php\/wp-json\/wp\/v2\/comments?post=343444"}],"version-history":[{"count":0,"href":"https:\/\/pop-co.fr\/index.php\/wp-json\/wp\/v2\/product\/343444\/revisions"}],"wp:featuredmedia":[{"embeddable":true,"href":"https:\/\/pop-co.fr\/index.php\/wp-json\/wp\/v2\/media\/348296"}],"wp:attachment":[{"href":"https:\/\/pop-co.fr\/index.php\/wp-json\/wp\/v2\/media?parent=343444"}],"wp:term":[{"taxonomy":"product_cat","embeddable":true,"href":"https:\/\/pop-co.fr\/index.php\/wp-json\/wp\/v2\/product_cat?post=343444"},{"taxonomy":"product_tag","embeddable":true,"href":"https:\/\/pop-co.fr\/index.php\/wp-json\/wp\/v2\/product_tag?post=343444"}],"curies":[{"name":"wp","href":"https:\/\/api.w.org\/{rel}","templated":true}]}}