{"id":3436,"date":"2024-02-20T18:29:03","date_gmt":"2024-02-20T17:29:03","guid":{"rendered":"https:\/\/pop-co.fr\/index.php\/product\/mha-desktop-heroes-figurine-mystere\/"},"modified":"2025-07-29T11:16:07","modified_gmt":"2025-07-29T09:16:07","slug":"mha-desktop-heroes-figurine-mystere","status":"publish","type":"product","link":"https:\/\/pop-co.fr\/index.php\/product\/mha-desktop-heroes-figurine-mystere\/","title":{"rendered":"MHA &#8211; Desktop Heroes &#8211; Figurine myst\u00e8re rement"},"content":{"rendered":"<p>*ATTENTION PRODUIT AL\u00c9ATOIRE NE POUVANT \u00caTRE RETOURN\u00c9*<br \/>\n*ATTENTION LES ACCESSOIRES TELS QUE LE TELEPHONE OU LES STYLOS NE SONT PAS INCLUS DANS LES BO\u00ceTES*<\/p>\n<p>X1 Figurine PVC taille 5-7 cm, en emballage bo\u00eete-myst\u00e8re.<\/p>\n","protected":false},"excerpt":{"rendered":"<p>*ATTENTION PRODUIT AL\u00c9ATOIRE NE POUVANT \u00caTRE RETOURN\u00c9* *ATTENTION LES ACCESSOIRES TELS QUE LE TELEPHONE OU LES STYLOS NE SONT PAS INCLUS DANS LES BO\u00ceTES* X1 Figurine PVC taille 5-7 cm, en emballage bo\u00eete-myst\u00e8re.<\/p>\n","protected":false},"featured_media":356190,"comment_status":"open","ping_status":"closed","template":"","meta":[],"product_cat":[17,26],"product_tag":[],"aioseo_notices":[],"jetpack_sharing_enabled":true,"_links":{"self":[{"href":"https:\/\/pop-co.fr\/index.php\/wp-json\/wp\/v2\/product\/3436"}],"collection":[{"href":"https:\/\/pop-co.fr\/index.php\/wp-json\/wp\/v2\/product"}],"about":[{"href":"https:\/\/pop-co.fr\/index.php\/wp-json\/wp\/v2\/types\/product"}],"replies":[{"embeddable":true,"href":"https:\/\/pop-co.fr\/index.php\/wp-json\/wp\/v2\/comments?post=3436"}],"version-history":[{"count":0,"href":"https:\/\/pop-co.fr\/index.php\/wp-json\/wp\/v2\/product\/3436\/revisions"}],"wp:featuredmedia":[{"embeddable":true,"href":"https:\/\/pop-co.fr\/index.php\/wp-json\/wp\/v2\/media\/356190"}],"wp:attachment":[{"href":"https:\/\/pop-co.fr\/index.php\/wp-json\/wp\/v2\/media?parent=3436"}],"wp:term":[{"taxonomy":"product_cat","embeddable":true,"href":"https:\/\/pop-co.fr\/index.php\/wp-json\/wp\/v2\/product_cat?post=3436"},{"taxonomy":"product_tag","embeddable":true,"href":"https:\/\/pop-co.fr\/index.php\/wp-json\/wp\/v2\/product_tag?post=3436"}],"curies":[{"name":"wp","href":"https:\/\/api.w.org\/{rel}","templated":true}]}}