{"id":343612,"date":"2025-05-02T16:36:02","date_gmt":"2025-05-02T14:36:02","guid":{"rendered":"https:\/\/pop-co.fr\/index.php\/product\/porte-monnaie-disney-stitch-velours\/"},"modified":"2025-09-13T09:49:07","modified_gmt":"2025-09-13T07:49:07","slug":"porte-monnaie-disney-stitch-velours","status":"publish","type":"product","link":"https:\/\/pop-co.fr\/index.php\/product\/porte-monnaie-disney-stitch-velours\/","title":{"rendered":"PORTE MONNAIE &#8211; DISNEY &#8211; Stitch (velours)"},"content":{"rendered":"<p>Porte monnaie avec un seul compartiment \u00e0 fermeture \u00e9clair et doublure int\u00e9rieure. Tirette avec crochet pour accrocher.<br \/>\nComposition : Velours c\u00f4tel\u00e9, Polyester<\/p>\n","protected":false},"excerpt":{"rendered":"<p>Porte monnaie avec un seul compartiment \u00e0 fermeture \u00e9clair et doublure int\u00e9rieure. Tirette avec crochet pour accrocher. Composition : Velours c\u00f4tel\u00e9, Polyester<\/p>\n","protected":false},"featured_media":358420,"comment_status":"open","ping_status":"closed","template":"","meta":[],"product_cat":[29,30],"product_tag":[],"aioseo_notices":[],"jetpack_sharing_enabled":true,"_links":{"self":[{"href":"https:\/\/pop-co.fr\/index.php\/wp-json\/wp\/v2\/product\/343612"}],"collection":[{"href":"https:\/\/pop-co.fr\/index.php\/wp-json\/wp\/v2\/product"}],"about":[{"href":"https:\/\/pop-co.fr\/index.php\/wp-json\/wp\/v2\/types\/product"}],"replies":[{"embeddable":true,"href":"https:\/\/pop-co.fr\/index.php\/wp-json\/wp\/v2\/comments?post=343612"}],"version-history":[{"count":0,"href":"https:\/\/pop-co.fr\/index.php\/wp-json\/wp\/v2\/product\/343612\/revisions"}],"wp:featuredmedia":[{"embeddable":true,"href":"https:\/\/pop-co.fr\/index.php\/wp-json\/wp\/v2\/media\/358420"}],"wp:attachment":[{"href":"https:\/\/pop-co.fr\/index.php\/wp-json\/wp\/v2\/media?parent=343612"}],"wp:term":[{"taxonomy":"product_cat","embeddable":true,"href":"https:\/\/pop-co.fr\/index.php\/wp-json\/wp\/v2\/product_cat?post=343612"},{"taxonomy":"product_tag","embeddable":true,"href":"https:\/\/pop-co.fr\/index.php\/wp-json\/wp\/v2\/product_tag?post=343612"}],"curies":[{"name":"wp","href":"https:\/\/api.w.org\/{rel}","templated":true}]}}