{"id":343702,"date":"2025-05-02T16:37:18","date_gmt":"2025-05-02T14:37:18","guid":{"rendered":"https:\/\/pop-co.fr\/index.php\/product\/sac-bandouliere-disney-stitch-creme\/"},"modified":"2025-06-28T11:44:35","modified_gmt":"2025-06-28T09:44:35","slug":"sac-bandouliere-disney-stitch-creme","status":"publish","type":"product","link":"https:\/\/pop-co.fr\/index.php\/product\/sac-bandouliere-disney-stitch-creme\/","title":{"rendered":"SAC BANDOULIERE &#8211; DISNEY &#8211; Stitch (cr\u00e8me)"},"content":{"rendered":"<p>Sac rectangulaire avec un compartiment zipp\u00e9. Deux poches ext\u00e9rieures zipp\u00e9es suppl\u00e9mentaires, une \u00e0 l&rsquo;avant et une \u00e0 l&rsquo;arri\u00e8re. Int\u00e9rieur avec deux petites poches, dont une avec fermeture \u00e9clair. Doublure int\u00e9rieure imprim\u00e9e. Bandouli\u00e8re r\u00e9glable de 100 cm de longueur.<br \/>\nComposition : PVC, Polyest\u00e8re<\/p>\n","protected":false},"excerpt":{"rendered":"<p>Sac rectangulaire avec un compartiment zipp\u00e9. Deux poches ext\u00e9rieures zipp\u00e9es suppl\u00e9mentaires, une \u00e0 l&rsquo;avant et une \u00e0 l&rsquo;arri\u00e8re. Int\u00e9rieur avec deux petites poches, dont une avec fermeture \u00e9clair. Doublure int\u00e9rieure imprim\u00e9e. Bandouli\u00e8re r\u00e9glable de 100 cm de longueur. Composition : PVC, Polyest\u00e8re<\/p>\n","protected":false},"featured_media":348292,"comment_status":"open","ping_status":"closed","template":"","meta":[],"product_cat":[29,30,47,70],"product_tag":[],"aioseo_notices":[],"jetpack_sharing_enabled":true,"_links":{"self":[{"href":"https:\/\/pop-co.fr\/index.php\/wp-json\/wp\/v2\/product\/343702"}],"collection":[{"href":"https:\/\/pop-co.fr\/index.php\/wp-json\/wp\/v2\/product"}],"about":[{"href":"https:\/\/pop-co.fr\/index.php\/wp-json\/wp\/v2\/types\/product"}],"replies":[{"embeddable":true,"href":"https:\/\/pop-co.fr\/index.php\/wp-json\/wp\/v2\/comments?post=343702"}],"version-history":[{"count":0,"href":"https:\/\/pop-co.fr\/index.php\/wp-json\/wp\/v2\/product\/343702\/revisions"}],"wp:featuredmedia":[{"embeddable":true,"href":"https:\/\/pop-co.fr\/index.php\/wp-json\/wp\/v2\/media\/348292"}],"wp:attachment":[{"href":"https:\/\/pop-co.fr\/index.php\/wp-json\/wp\/v2\/media?parent=343702"}],"wp:term":[{"taxonomy":"product_cat","embeddable":true,"href":"https:\/\/pop-co.fr\/index.php\/wp-json\/wp\/v2\/product_cat?post=343702"},{"taxonomy":"product_tag","embeddable":true,"href":"https:\/\/pop-co.fr\/index.php\/wp-json\/wp\/v2\/product_tag?post=343702"}],"curies":[{"name":"wp","href":"https:\/\/api.w.org\/{rel}","templated":true}]}}