{"id":343733,"date":"2025-05-02T16:37:40","date_gmt":"2025-05-02T14:37:40","guid":{"rendered":"https:\/\/pop-co.fr\/index.php\/product\/mini-sac-a-dos-one-piece-luffy-gear-five\/"},"modified":"2025-06-28T11:44:13","modified_gmt":"2025-06-28T09:44:13","slug":"mini-sac-a-dos-one-piece-luffy-gear-five","status":"publish","type":"product","link":"https:\/\/pop-co.fr\/index.php\/product\/mini-sac-a-dos-one-piece-luffy-gear-five\/","title":{"rendered":"MINI SAC A DOS &#8211; ONE PIECE &#8211; Luffy gear five"},"content":{"rendered":"<p>Petit sac \u00e0 dos urbain avec un seul compartiment et une poche avant. Corps en mat\u00e9riau haute r\u00e9sistance (Ripstop), r\u00e9pulsif aux liquides en quantit\u00e9 mod\u00e9r\u00e9e. Doublure int\u00e9rieure imprim\u00e9e. Bretelles r\u00e9glables rembourr\u00e9es et dos rembourr\u00e9.<br \/>\nComposition : Polyester ind\u00e9chirable<\/p>\n","protected":false},"excerpt":{"rendered":"<p>Petit sac \u00e0 dos urbain avec un seul compartiment et une poche avant. Corps en mat\u00e9riau haute r\u00e9sistance (Ripstop), r\u00e9pulsif aux liquides en quantit\u00e9 mod\u00e9r\u00e9e. Doublure int\u00e9rieure imprim\u00e9e. Bretelles r\u00e9glables rembourr\u00e9es et dos rembourr\u00e9. Composition : Polyester ind\u00e9chirable<\/p>\n","protected":false},"featured_media":343830,"comment_status":"open","ping_status":"closed","template":"","meta":[],"product_cat":[17,22,47,70],"product_tag":[],"aioseo_notices":[],"jetpack_sharing_enabled":true,"_links":{"self":[{"href":"https:\/\/pop-co.fr\/index.php\/wp-json\/wp\/v2\/product\/343733"}],"collection":[{"href":"https:\/\/pop-co.fr\/index.php\/wp-json\/wp\/v2\/product"}],"about":[{"href":"https:\/\/pop-co.fr\/index.php\/wp-json\/wp\/v2\/types\/product"}],"replies":[{"embeddable":true,"href":"https:\/\/pop-co.fr\/index.php\/wp-json\/wp\/v2\/comments?post=343733"}],"version-history":[{"count":0,"href":"https:\/\/pop-co.fr\/index.php\/wp-json\/wp\/v2\/product\/343733\/revisions"}],"wp:featuredmedia":[{"embeddable":true,"href":"https:\/\/pop-co.fr\/index.php\/wp-json\/wp\/v2\/media\/343830"}],"wp:attachment":[{"href":"https:\/\/pop-co.fr\/index.php\/wp-json\/wp\/v2\/media?parent=343733"}],"wp:term":[{"taxonomy":"product_cat","embeddable":true,"href":"https:\/\/pop-co.fr\/index.php\/wp-json\/wp\/v2\/product_cat?post=343733"},{"taxonomy":"product_tag","embeddable":true,"href":"https:\/\/pop-co.fr\/index.php\/wp-json\/wp\/v2\/product_tag?post=343733"}],"curies":[{"name":"wp","href":"https:\/\/api.w.org\/{rel}","templated":true}]}}