{"id":343865,"date":"2025-05-02T17:35:59","date_gmt":"2025-05-02T15:35:59","guid":{"rendered":"https:\/\/pop-co.fr\/index.php\/product\/porte-cles-japon-maneki-neko-2\/"},"modified":"2025-08-16T09:58:47","modified_gmt":"2025-08-16T07:58:47","slug":"porte-cles-japon-maneki-neko-2","status":"publish","type":"product","link":"https:\/\/pop-co.fr\/index.php\/product\/porte-cles-japon-maneki-neko-2\/","title":{"rendered":"PORTE CLES &#8211; JAPON &#8211; Maneki Neko"},"content":{"rendered":"<p>*PRODUIT VENDU \u00c0 L&rsquo;UNIT\u00c9*<\/p>\n<p>Porte-cl\u00e9 porte bonheur<\/p>\n","protected":false},"excerpt":{"rendered":"<p>*PRODUIT VENDU \u00c0 L&rsquo;UNIT\u00c9* Porte-cl\u00e9 porte bonheur<\/p>\n","protected":false},"featured_media":357347,"comment_status":"open","ping_status":"closed","template":"","meta":[],"product_cat":[82,39],"product_tag":[],"aioseo_notices":[],"jetpack_sharing_enabled":true,"_links":{"self":[{"href":"https:\/\/pop-co.fr\/index.php\/wp-json\/wp\/v2\/product\/343865"}],"collection":[{"href":"https:\/\/pop-co.fr\/index.php\/wp-json\/wp\/v2\/product"}],"about":[{"href":"https:\/\/pop-co.fr\/index.php\/wp-json\/wp\/v2\/types\/product"}],"replies":[{"embeddable":true,"href":"https:\/\/pop-co.fr\/index.php\/wp-json\/wp\/v2\/comments?post=343865"}],"version-history":[{"count":1,"href":"https:\/\/pop-co.fr\/index.php\/wp-json\/wp\/v2\/product\/343865\/revisions"}],"predecessor-version":[{"id":353217,"href":"https:\/\/pop-co.fr\/index.php\/wp-json\/wp\/v2\/product\/343865\/revisions\/353217"}],"wp:featuredmedia":[{"embeddable":true,"href":"https:\/\/pop-co.fr\/index.php\/wp-json\/wp\/v2\/media\/357347"}],"wp:attachment":[{"href":"https:\/\/pop-co.fr\/index.php\/wp-json\/wp\/v2\/media?parent=343865"}],"wp:term":[{"taxonomy":"product_cat","embeddable":true,"href":"https:\/\/pop-co.fr\/index.php\/wp-json\/wp\/v2\/product_cat?post=343865"},{"taxonomy":"product_tag","embeddable":true,"href":"https:\/\/pop-co.fr\/index.php\/wp-json\/wp\/v2\/product_tag?post=343865"}],"curies":[{"name":"wp","href":"https:\/\/api.w.org\/{rel}","templated":true}]}}