{"id":343926,"date":"2025-05-02T19:15:15","date_gmt":"2025-05-02T17:15:15","guid":{"rendered":"https:\/\/pop-co.fr\/index.php\/product\/maquette-robotime-sunshine-town-serre-livres\/"},"modified":"2025-06-28T11:42:50","modified_gmt":"2025-06-28T09:42:50","slug":"maquette-robotime-sunshine-town-serre-livres","status":"publish","type":"product","link":"https:\/\/pop-co.fr\/index.php\/product\/maquette-robotime-sunshine-town-serre-livres\/","title":{"rendered":"MAQUETTE &#8211; ROBOTIME &#8211; Sunshine town (serre-livres)"},"content":{"rendered":"<p>Serre-livres DIY, les serre-livres les plus sp\u00e9ciaux.<br \/>\nRobotime-Rolife Sunshine Town Book Nook TGB02 Book Nook est une maison miniature cr\u00e9ative en bois 3D \u00e0 monter soi-m\u00eame.<\/p>\n<p>Nous vous avons fourni tout ce dont vous avez besoin pour construire cette mini sc\u00e8ne de ville \u2013 avec toutes les pi\u00e8ces et outils en bois, vous restaurerez progressivement toute la sc\u00e8ne, comme les magasins, la route, les arbres, l&rsquo;horloge, etc.<br \/>\nIl sera facile et amusant de construire une maison de poup\u00e9e miniature adapt\u00e9e aux personnes de tous \u00e2ges. Ce coin livre sera \u00e9galement une d\u00e9coration unique et magnifique pour votre biblioth\u00e8que et votre bureau.<\/p>\n<p>Il a \u00e9galement fi\u00e8re allure si vous le placez dans l&rsquo;obscurit\u00e9 avec les lumi\u00e8res chaudes allum\u00e9es.<\/p>\n<p>Information produit<br \/>\nCaract\u00e9ristiques:<br \/>\nTaille: 18,5x10x24,2 mm<br \/>\nPoids : 0,81kg<br \/>\nPi\u00e8ces : 246<br \/>\nContenu de l&#8217;emballage : pi\u00e8ces de bois pr\u00e9d\u00e9coup\u00e9es, instructions en anglais, guirlandes lumineuses chaudes, outils auxiliaires (tournevis et petites pi\u00e8ces).<br \/>\nMat\u00e9riaux principaux : bois, papier, m\u00e9tal<br \/>\n\u00c2ge recommand\u00e9 : 14+<br \/>\nTemps de montage estim\u00e9 : environ 4 \u00e0 6 heures<\/p>\n","protected":false},"excerpt":{"rendered":"<p>Serre-livres DIY, les serre-livres les plus sp\u00e9ciaux. Robotime-Rolife Sunshine Town Book Nook TGB02 Book Nook est une maison miniature cr\u00e9ative en bois 3D \u00e0 monter soi-m\u00eame. Nous vous avons fourni tout ce dont vous avez besoin pour construire cette mini sc\u00e8ne de ville \u2013 avec toutes les pi\u00e8ces et outils en bois, vous restaurerez progressivement [&hellip;]<\/p>\n","protected":false},"featured_media":344906,"comment_status":"open","ping_status":"closed","template":"","meta":[],"product_cat":[82,39],"product_tag":[],"aioseo_notices":[],"jetpack_sharing_enabled":true,"_links":{"self":[{"href":"https:\/\/pop-co.fr\/index.php\/wp-json\/wp\/v2\/product\/343926"}],"collection":[{"href":"https:\/\/pop-co.fr\/index.php\/wp-json\/wp\/v2\/product"}],"about":[{"href":"https:\/\/pop-co.fr\/index.php\/wp-json\/wp\/v2\/types\/product"}],"replies":[{"embeddable":true,"href":"https:\/\/pop-co.fr\/index.php\/wp-json\/wp\/v2\/comments?post=343926"}],"version-history":[{"count":0,"href":"https:\/\/pop-co.fr\/index.php\/wp-json\/wp\/v2\/product\/343926\/revisions"}],"wp:featuredmedia":[{"embeddable":true,"href":"https:\/\/pop-co.fr\/index.php\/wp-json\/wp\/v2\/media\/344906"}],"wp:attachment":[{"href":"https:\/\/pop-co.fr\/index.php\/wp-json\/wp\/v2\/media?parent=343926"}],"wp:term":[{"taxonomy":"product_cat","embeddable":true,"href":"https:\/\/pop-co.fr\/index.php\/wp-json\/wp\/v2\/product_cat?post=343926"},{"taxonomy":"product_tag","embeddable":true,"href":"https:\/\/pop-co.fr\/index.php\/wp-json\/wp\/v2\/product_tag?post=343926"}],"curies":[{"name":"wp","href":"https:\/\/api.w.org\/{rel}","templated":true}]}}