{"id":344683,"date":"2025-05-08T12:18:24","date_gmt":"2025-05-08T10:18:24","guid":{"rendered":"https:\/\/pop-co.fr\/index.php\/product\/brioche-japonaise-snack-sirop-derable-70g-2\/"},"modified":"2025-08-25T16:45:24","modified_gmt":"2025-08-25T14:45:24","slug":"brioche-japonaise-snack-sirop-derable-70g-2","status":"publish","type":"product","link":"https:\/\/pop-co.fr\/index.php\/product\/brioche-japonaise-snack-sirop-derable-70g-2\/","title":{"rendered":"BRIOCHE &#8211; Sirop d&rsquo;\u00e9rable"},"content":{"rendered":"<p>Ingr\u00e9dients : Farine de bl\u00e9, p\u00e2te (amidon modifi\u00e9 E1412, alcool, ar\u00f4me (lait), \u00e9paississant E415 E440, colorant E150c), sucre, \u0153uf, \u00e9mulsifiant E322 (soja), lactos\u00e9rum en poudre (lait), margarine (\u00e9mulsifiant E322 (soja)), ar\u00f4me (lait, soja)), levure de boulanger, sucre isom\u00e9ris\u00e9, sel, levure de boulanger de riz brun germ\u00e9 (bl\u00e9).<\/p>\n<p>Allerg\u00e8nes : bl\u00e9, lait, soja, \u0153uf<\/p>\n","protected":false},"excerpt":{"rendered":"<p>Ingr\u00e9dients : Farine de bl\u00e9, p\u00e2te (amidon modifi\u00e9 E1412, alcool, ar\u00f4me (lait), \u00e9paississant E415 E440, colorant E150c), sucre, \u0153uf, \u00e9mulsifiant E322 (soja), lactos\u00e9rum en poudre (lait), margarine (\u00e9mulsifiant E322 (soja)), ar\u00f4me (lait, soja)), levure de boulanger, sucre isom\u00e9ris\u00e9, sel, levure de boulanger de riz brun germ\u00e9 (bl\u00e9). Allerg\u00e8nes : bl\u00e9, lait, soja, \u0153uf<\/p>\n","protected":false},"featured_media":357807,"comment_status":"open","ping_status":"closed","template":"","meta":[],"product_cat":[77],"product_tag":[],"aioseo_notices":[],"jetpack_sharing_enabled":true,"_links":{"self":[{"href":"https:\/\/pop-co.fr\/index.php\/wp-json\/wp\/v2\/product\/344683"}],"collection":[{"href":"https:\/\/pop-co.fr\/index.php\/wp-json\/wp\/v2\/product"}],"about":[{"href":"https:\/\/pop-co.fr\/index.php\/wp-json\/wp\/v2\/types\/product"}],"replies":[{"embeddable":true,"href":"https:\/\/pop-co.fr\/index.php\/wp-json\/wp\/v2\/comments?post=344683"}],"version-history":[{"count":3,"href":"https:\/\/pop-co.fr\/index.php\/wp-json\/wp\/v2\/product\/344683\/revisions"}],"predecessor-version":[{"id":356940,"href":"https:\/\/pop-co.fr\/index.php\/wp-json\/wp\/v2\/product\/344683\/revisions\/356940"}],"wp:featuredmedia":[{"embeddable":true,"href":"https:\/\/pop-co.fr\/index.php\/wp-json\/wp\/v2\/media\/357807"}],"wp:attachment":[{"href":"https:\/\/pop-co.fr\/index.php\/wp-json\/wp\/v2\/media?parent=344683"}],"wp:term":[{"taxonomy":"product_cat","embeddable":true,"href":"https:\/\/pop-co.fr\/index.php\/wp-json\/wp\/v2\/product_cat?post=344683"},{"taxonomy":"product_tag","embeddable":true,"href":"https:\/\/pop-co.fr\/index.php\/wp-json\/wp\/v2\/product_tag?post=344683"}],"curies":[{"name":"wp","href":"https:\/\/api.w.org\/{rel}","templated":true}]}}