{"id":344750,"date":"2025-05-09T11:50:33","date_gmt":"2025-05-09T09:50:33","guid":{"rendered":"https:\/\/pop-co.fr\/index.php\/product\/pez-disney-stitch-1-recharge\/"},"modified":"2025-08-30T11:35:35","modified_gmt":"2025-08-30T09:35:35","slug":"pez-disney-stitch-1-recharge","status":"publish","type":"product","link":"https:\/\/pop-co.fr\/index.php\/product\/pez-disney-stitch-1-recharge\/","title":{"rendered":"PEZ &#8211; DISNEY &#8211; Stitch + 1 recharge"},"content":{"rendered":"<p>*PRODUIT VENDU \u00c0 L&rsquo;UNIT\u00c9. MOD\u00c8LE AL\u00c9ATOIRE*<\/p>\n<p>D\u00e9couvrez ou red\u00e9couvrez les intemporels Bonbons PEZ, une combinaison unique d\u2019un d\u00e9licieux bonbon au go\u00fbt de fruit et d\u2019un distributeur (ou jouet) amusant. Le conditionnement classique de la gamme PEZ avec des distributeurs aux nombreuses licences pour enfant et une recharge de d\u00e9licieux bonbons au go\u00fbt de fruits.<\/p>\n<p>sucre, sirop de glucose, acidifiant (acide citrique), correcteur d&rsquo;acidit\u00e9 (citrates de sodium), graisse de palme totalement hydrog\u00e9n\u00e9e, \u00e9mulsifiant (mono- et diglyc\u00e9rides d&rsquo;acides gras), ar\u00f4mes, concentr\u00e9s-couleur: citron (concentr\u00e9 de carthame, citron), orange (concentr\u00e9 de pomme, carotte, carthame, patate douce), cerise (concentr\u00e9s de raisins, cassis, carottes noires), fraise (concentr\u00e9 de cassis, carottes noires).<\/p>\n","protected":false},"excerpt":{"rendered":"<p>*PRODUIT VENDU \u00c0 L&rsquo;UNIT\u00c9. MOD\u00c8LE AL\u00c9ATOIRE* D\u00e9couvrez ou red\u00e9couvrez les intemporels Bonbons PEZ, une combinaison unique d\u2019un d\u00e9licieux bonbon au go\u00fbt de fruit et d\u2019un distributeur (ou jouet) amusant. Le conditionnement classique de la gamme PEZ avec des distributeurs aux nombreuses licences pour enfant et une recharge de d\u00e9licieux bonbons au go\u00fbt de fruits. sucre, [&hellip;]<\/p>\n","protected":false},"featured_media":357944,"comment_status":"open","ping_status":"closed","template":"","meta":[],"product_cat":[77],"product_tag":[],"aioseo_notices":[],"jetpack_sharing_enabled":true,"_links":{"self":[{"href":"https:\/\/pop-co.fr\/index.php\/wp-json\/wp\/v2\/product\/344750"}],"collection":[{"href":"https:\/\/pop-co.fr\/index.php\/wp-json\/wp\/v2\/product"}],"about":[{"href":"https:\/\/pop-co.fr\/index.php\/wp-json\/wp\/v2\/types\/product"}],"replies":[{"embeddable":true,"href":"https:\/\/pop-co.fr\/index.php\/wp-json\/wp\/v2\/comments?post=344750"}],"version-history":[{"count":0,"href":"https:\/\/pop-co.fr\/index.php\/wp-json\/wp\/v2\/product\/344750\/revisions"}],"wp:featuredmedia":[{"embeddable":true,"href":"https:\/\/pop-co.fr\/index.php\/wp-json\/wp\/v2\/media\/357944"}],"wp:attachment":[{"href":"https:\/\/pop-co.fr\/index.php\/wp-json\/wp\/v2\/media?parent=344750"}],"wp:term":[{"taxonomy":"product_cat","embeddable":true,"href":"https:\/\/pop-co.fr\/index.php\/wp-json\/wp\/v2\/product_cat?post=344750"},{"taxonomy":"product_tag","embeddable":true,"href":"https:\/\/pop-co.fr\/index.php\/wp-json\/wp\/v2\/product_tag?post=344750"}],"curies":[{"name":"wp","href":"https:\/\/api.w.org\/{rel}","templated":true}]}}