{"id":345311,"date":"2025-05-16T16:31:46","date_gmt":"2025-05-16T14:31:46","guid":{"rendered":"https:\/\/pop-co.fr\/index.php\/product\/mug-japon-maneki-neko-2\/"},"modified":"2025-08-29T15:53:27","modified_gmt":"2025-08-29T13:53:27","slug":"mug-japon-maneki-neko-2","status":"publish","type":"product","link":"https:\/\/pop-co.fr\/index.php\/product\/mug-japon-maneki-neko-2\/","title":{"rendered":"MUG &#8211; JAPON &#8211; Maneki Neko"},"content":{"rendered":"<p>Un adorable mug Maneki neko (chat porte-bonheur) du Japon pour verser votre th\u00e9 ou autres boissons ! Retourn\u00e9, il peut aussi servir de d\u00e9coration. <\/p>\n<p>D\u00e9tails :<br \/>\nDisponible en bleu ou rose.<br \/>\n8,5*9,8 cm (350 ML)<br \/>\nPeut passer au micro-onde et \u00e0 la machine \u00e0 laver.<\/p>\n","protected":false},"excerpt":{"rendered":"<p>Un adorable mug Maneki neko (chat porte-bonheur) du Japon pour verser votre th\u00e9 ou autres boissons ! Retourn\u00e9, il peut aussi servir de d\u00e9coration. D\u00e9tails : Disponible en bleu ou rose. 8,5*9,8 cm (350 ML) Peut passer au micro-onde et \u00e0 la machine \u00e0 laver.<\/p>\n","protected":false},"featured_media":357911,"comment_status":"open","ping_status":"closed","template":"","meta":[],"product_cat":[82,39],"product_tag":[],"aioseo_notices":[],"jetpack_sharing_enabled":true,"_links":{"self":[{"href":"https:\/\/pop-co.fr\/index.php\/wp-json\/wp\/v2\/product\/345311"}],"collection":[{"href":"https:\/\/pop-co.fr\/index.php\/wp-json\/wp\/v2\/product"}],"about":[{"href":"https:\/\/pop-co.fr\/index.php\/wp-json\/wp\/v2\/types\/product"}],"replies":[{"embeddable":true,"href":"https:\/\/pop-co.fr\/index.php\/wp-json\/wp\/v2\/comments?post=345311"}],"version-history":[{"count":0,"href":"https:\/\/pop-co.fr\/index.php\/wp-json\/wp\/v2\/product\/345311\/revisions"}],"wp:featuredmedia":[{"embeddable":true,"href":"https:\/\/pop-co.fr\/index.php\/wp-json\/wp\/v2\/media\/357911"}],"wp:attachment":[{"href":"https:\/\/pop-co.fr\/index.php\/wp-json\/wp\/v2\/media?parent=345311"}],"wp:term":[{"taxonomy":"product_cat","embeddable":true,"href":"https:\/\/pop-co.fr\/index.php\/wp-json\/wp\/v2\/product_cat?post=345311"},{"taxonomy":"product_tag","embeddable":true,"href":"https:\/\/pop-co.fr\/index.php\/wp-json\/wp\/v2\/product_tag?post=345311"}],"curies":[{"name":"wp","href":"https:\/\/api.w.org\/{rel}","templated":true}]}}