{"id":345526,"date":"2025-05-19T12:21:04","date_gmt":"2025-05-19T10:21:04","guid":{"rendered":"https:\/\/pop-co.fr\/index.php\/product\/strap-telephone-japon-maneki-neko\/"},"modified":"2025-09-15T16:48:52","modified_gmt":"2025-09-15T14:48:52","slug":"strap-telephone-japon-maneki-neko","status":"publish","type":"product","link":"https:\/\/pop-co.fr\/index.php\/product\/strap-telephone-japon-maneki-neko\/","title":{"rendered":"PORTE BONHEUR &#8211; JAPON &#8211; Maneki Neko"},"content":{"rendered":"<p>D\u00e9couvrez ces supers petits porte-bonheur Maneki neko de 1cm par 1cm. Id\u00e9al \u00e0 emporter partout !<br \/>\nIls sont r\u00e9alis\u00e9 en c\u00e9ramique, peint \u00e0 la main avec une d\u00e9clinaison de 10 \u00ab\u00a0souhaits\u00a0\u00bb, vous pouvez faire votre choix selon vos go\u00fbts ou en fonction de ceux de la personne auquel le petit chat est destin\u00e9 !<\/p>\n<p>C&rsquo;est donc un cadeau que vous pourrez offrir pour vous apporter la bonne chance, ou un cadeau \u00e0 faire pour partager le bonheur !<\/p>\n<p>Chaque couleur vous apportera quelque chose de b\u00e9n\u00e9fique : <\/p>\n<p>1&gt; Blanc : Bonheur \/ Happiness<br \/>\n2&gt; Rose : Amour \/ Love<br \/>\n3&gt; Jaune : Paix \/ Peace<br \/>\n4&gt; Rouge : Contre les D\u00e9mons \/ Against Evil<br \/>\n5&gt; Vert : Bonne Sant\u00e9 \/ Good Health<br \/>\n6&gt; Noir : Contre la Malchance \/ Against Bad Luck<br \/>\n7&gt; Or : Bonne Fortune \/ Good Fortune<br \/>\n8&gt; Calico : Race de chat typique du Japon<br \/>\n9&gt; Tiger: Chat tigr\u00e9<br \/>\n10&gt; Tabi : Amiti\u00e9 \/ Friendship<\/p>\n","protected":false},"excerpt":{"rendered":"<p>D\u00e9couvrez ces supers petits porte-bonheur Maneki neko de 1cm par 1cm. Id\u00e9al \u00e0 emporter partout ! Ils sont r\u00e9alis\u00e9 en c\u00e9ramique, peint \u00e0 la main avec une d\u00e9clinaison de 10 \u00ab\u00a0souhaits\u00a0\u00bb, vous pouvez faire votre choix selon vos go\u00fbts ou en fonction de ceux de la personne auquel le petit chat est destin\u00e9 ! C&rsquo;est [&hellip;]<\/p>\n","protected":false},"featured_media":358604,"comment_status":"open","ping_status":"closed","template":"","meta":[],"product_cat":[39,82],"product_tag":[],"aioseo_notices":[],"jetpack_sharing_enabled":true,"_links":{"self":[{"href":"https:\/\/pop-co.fr\/index.php\/wp-json\/wp\/v2\/product\/345526"}],"collection":[{"href":"https:\/\/pop-co.fr\/index.php\/wp-json\/wp\/v2\/product"}],"about":[{"href":"https:\/\/pop-co.fr\/index.php\/wp-json\/wp\/v2\/types\/product"}],"replies":[{"embeddable":true,"href":"https:\/\/pop-co.fr\/index.php\/wp-json\/wp\/v2\/comments?post=345526"}],"version-history":[{"count":2,"href":"https:\/\/pop-co.fr\/index.php\/wp-json\/wp\/v2\/product\/345526\/revisions"}],"predecessor-version":[{"id":357067,"href":"https:\/\/pop-co.fr\/index.php\/wp-json\/wp\/v2\/product\/345526\/revisions\/357067"}],"wp:featuredmedia":[{"embeddable":true,"href":"https:\/\/pop-co.fr\/index.php\/wp-json\/wp\/v2\/media\/358604"}],"wp:attachment":[{"href":"https:\/\/pop-co.fr\/index.php\/wp-json\/wp\/v2\/media?parent=345526"}],"wp:term":[{"taxonomy":"product_cat","embeddable":true,"href":"https:\/\/pop-co.fr\/index.php\/wp-json\/wp\/v2\/product_cat?post=345526"},{"taxonomy":"product_tag","embeddable":true,"href":"https:\/\/pop-co.fr\/index.php\/wp-json\/wp\/v2\/product_tag?post=345526"}],"curies":[{"name":"wp","href":"https:\/\/api.w.org\/{rel}","templated":true}]}}